{"id":2082,"date":"2023-12-28T14:43:21","date_gmt":"2023-12-28T14:43:21","guid":{"rendered":"https:\/\/iptvthemes.shop\/?page_id=2082"},"modified":"2024-08-16T21:48:40","modified_gmt":"2024-08-16T21:48:40","slug":"politica-de-reembolso","status":"publish","type":"page","link":"https:\/\/iptvthemes.shop\/es\/politica-de-reembolso\/","title":{"rendered":"Pol\u00edtica de reembolso"},"content":{"rendered":"<div data-elementor-type=\"wp-page\" data-elementor-id=\"2082\" class=\"elementor elementor-2082\">\n\t\t\t\t<div class=\"has_eae_slider elementor-element elementor-element-7747d7e0 e-flex e-con-boxed wpr-particle-no wpr-jarallax-no wpr-parallax-no wpr-sticky-section-no e-con e-parent\" data-eae-slider=\"26857\" data-id=\"7747d7e0\" data-element_type=\"container\" data-e-type=\"container\">\n\t\t\t\t\t<div class=\"e-con-inner\">\n\t\t\t\t<div class=\"elementor-element elementor-element-6dc382e elementor-widget elementor-widget-heading\" data-id=\"6dc382e\" data-element_type=\"widget\" data-e-type=\"widget\" data-widget_type=\"heading.default\">\n\t\t\t\t<div class=\"elementor-widget-container\">\n\t\t\t\t\t<h2 class=\"elementor-heading-title elementor-size-default\">Pol\u00edtica de reembolso<\/h2>\t\t\t\t<\/div>\n\t\t\t\t<\/div>\n\t\t\t\t<div class=\"elementor-element elementor-element-8ba90a5 elementor-widget elementor-widget-text-editor\" data-id=\"8ba90a5\" data-element_type=\"widget\" data-e-type=\"widget\" data-widget_type=\"text-editor.default\">\n\t\t\t\t<div class=\"elementor-widget-container\">\n\t\t\t\t\t\t\t\t\t<p>La compra de productos digitales, como descargas de plantillas, archivos PDF, etc., se rige por condiciones espec\u00edficas. Se recomienda a los clientes que examinen detenidamente estos t\u00e9rminos antes de proceder a cualquier compra.<\/p><p>Todas las compras de productos intangibles, incluidos los imprimibles, materiales did\u00e1cticos, plantillas o cualquier contenido que pueda consumir en l\u00ednea, se procesan a trav\u00e9s de pasarelas de pago como PayPal, Stripe o transferencias bancarias directas. Estas pasarelas garantizan el uso seguro de varias tarjetas de cr\u00e9dito y d\u00e9bito en diferentes pa\u00edses, sin almacenar sus datos durante la transacci\u00f3n.<\/p><p>Como los art\u00edculos que compras son productos digitales, se consideran \"usados\" una vez descargados o accedidos. Todas las compras en iptvthemes.shop son <strong>FINAL (NO SE ADMITEN DEVOLUCIONES)<\/strong>. Dada la naturaleza intangible de los productos ofrecidos en este sitio.<\/p><p>En caso de que no reciba el enlace al producto digital despu\u00e9s de la compra, p\u00f3ngase en contacto con nosotros lo antes posible con los datos de la transacci\u00f3n o del pago para que podamos enviarle el producto lo antes posible.<\/p>\t\t\t\t\t\t\t\t<\/div>\n\t\t\t\t<\/div>\n\t\t\t\t\t<\/div>\n\t\t\t\t<\/div>\n\t\t<div class=\"has_eae_slider elementor-element elementor-element-92bd68e e-flex e-con-boxed wpr-particle-no wpr-jarallax-no wpr-parallax-no wpr-sticky-section-no e-con e-parent\" data-eae-slider=\"52921\" data-id=\"92bd68e\" data-element_type=\"container\" data-e-type=\"container\">\n\t\t\t\t\t<div class=\"e-con-inner\">\n\t\t<div class=\"has_eae_slider elementor-element elementor-element-f91ebd8 e-flex e-con-boxed wpr-particle-no wpr-jarallax-no wpr-parallax-no wpr-sticky-section-no e-con e-child\" data-eae-slider=\"18911\" data-id=\"f91ebd8\" data-element_type=\"container\" data-e-type=\"container\">\n\t\t\t\t\t<div class=\"e-con-inner\">\n\t\t\t\t<div class=\"elementor-element elementor-element-5522444 elementor-align-right elementor-mobile-align-center elementor-widget elementor-widget-button\" data-id=\"5522444\" data-element_type=\"widget\" data-e-type=\"widget\" data-widget_type=\"button.default\">\n\t\t\t\t<div class=\"elementor-widget-container\">\n\t\t\t\t\t\t\t\t\t<div class=\"elementor-button-wrapper\">\n\t\t\t\t\t<a class=\"elementor-button elementor-button-link elementor-size-sm\" href=\"https:\/\/iptvthemes.shop\/es\/\">\n\t\t\t\t\t\t<span class=\"elementor-button-content-wrapper\">\n\t\t\t\t\t\t<span class=\"elementor-button-icon\">\n\t\t\t\t<svg aria-hidden=\"true\" class=\"e-font-icon-svg e-fas-home\" viewbox=\"0 0 576 512\" xmlns=\"http:\/\/www.w3.org\/2000\/svg\"><path d=\"M280.37 148.26L96 300.11V464a16 16 0 0 0 16 16l112.06-.29a16 16 0 0 0 15.92-16V368a16 16 0 0 1 16-16h64a16 16 0 0 1 16 16v95.64a16 16 0 0 0 16 16.05L464 480a16 16 0 0 0 16-16V300L295.67 148.26a12.19 12.19 0 0 0-15.3 0zM571.6 251.47L488 182.56V44.05a12 12 0 0 0-12-12h-56a12 12 0 0 0-12 12v72.61L318.47 43a48 48 0 0 0-61 0L4.34 251.47a12 12 0 0 0-1.6 16.9l25.5 31A12 12 0 0 0 45.15 301l235.22-193.74a12.19 12.19 0 0 1 15.3 0L530.9 301a12 12 0 0 0 16.9-1.6l25.5-31a12 12 0 0 0-1.7-16.93z\"><\/path><\/svg>\t\t\t<\/span>\n\t\t\t\t\t\t\t\t\t<span class=\"elementor-button-text\">Volver a la p\u00e1gina de inicio<\/span>\n\t\t\t\t\t<\/span>\n\t\t\t\t\t<\/a>\n\t\t\t\t<\/div>\n\t\t\t\t\t\t\t\t<\/div>\n\t\t\t\t<\/div>\n\t\t\t\t\t<\/div>\n\t\t\t\t<\/div>\n\t\t<div class=\"has_eae_slider elementor-element elementor-element-593e5b5 e-flex e-con-boxed wpr-particle-no wpr-jarallax-no wpr-parallax-no wpr-sticky-section-no e-con e-child\" data-eae-slider=\"40990\" data-id=\"593e5b5\" data-element_type=\"container\" data-e-type=\"container\">\n\t\t\t\t\t<div class=\"e-con-inner\">\n\t\t\t\t<div class=\"elementor-element elementor-element-4ce54af elementor-align-center elementor-widget elementor-widget-button\" data-id=\"4ce54af\" data-element_type=\"widget\" data-e-type=\"widget\" data-widget_type=\"button.default\">\n\t\t\t\t<div class=\"elementor-widget-container\">\n\t\t\t\t\t\t\t\t\t<div class=\"elementor-button-wrapper\">\n\t\t\t\t\t<a class=\"elementor-button elementor-button-link elementor-size-sm\" href=\"https:\/\/iptvthemes.shop\/es\/iptv-plantillas-wordpress\/\">\n\t\t\t\t\t\t<span class=\"elementor-button-content-wrapper\">\n\t\t\t\t\t\t<span class=\"elementor-button-icon\">\n\t\t\t\t<svg aria-hidden=\"true\" class=\"e-font-icon-svg e-fas-paint-brush\" viewbox=\"0 0 512 512\" xmlns=\"http:\/\/www.w3.org\/2000\/svg\"><path d=\"M167.02 309.34c-40.12 2.58-76.53 17.86-97.19 72.3-2.35 6.21-8 9.98-14.59 9.98-11.11 0-45.46-27.67-55.25-34.35C0 439.62 37.93 512 128 512c75.86 0 128-43.77 128-120.19 0-3.11-.65-6.08-.97-9.13l-88.01-73.34zM457.89 0c-15.16 0-29.37 6.71-40.21 16.45C213.27 199.05 192 203.34 192 257.09c0 13.7 3.25 26.76 8.73 38.7l63.82 53.18c7.21 1.8 14.64 3.03 22.39 3.03 62.11 0 98.11-45.47 211.16-256.46 7.38-14.35 13.9-29.85 13.9-45.99C512 20.64 486 0 457.89 0z\"><\/path><\/svg>\t\t\t<\/span>\n\t\t\t\t\t\t\t\t\t<span class=\"elementor-button-text\">Explorar plantillas IPTV<\/span>\n\t\t\t\t\t<\/span>\n\t\t\t\t\t<\/a>\n\t\t\t\t<\/div>\n\t\t\t\t\t\t\t\t<\/div>\n\t\t\t\t<\/div>\n\t\t\t\t\t<\/div>\n\t\t\t\t<\/div>\n\t\t\t\t\t<\/div>\n\t\t\t\t<\/div>\n\t\t\t\t<\/div>","protected":false},"excerpt":{"rendered":"<p>Pol\u00edtica de reembolso La compra de productos digitales, como descargas de plantillas, archivos PDF, etc., se rige por t\u00e9rminos y condiciones espec\u00edficos. Se recomienda a los clientes que examinen detenidamente estos t\u00e9rminos antes de proceder a cualquier compra. Todas las compras de productos intangibles, incluidos los imprimibles, materiales de recursos, plantillas o cualquier contenido que se pueda consumir en l\u00ednea, se procesan a trav\u00e9s de pasarelas de pago como PayPal, Stripe o transferencias bancarias directas. Estas pasarelas garantizan el uso seguro de varias tarjetas de cr\u00e9dito y d\u00e9bito en diferentes pa\u00edses, sin almacenar sus datos durante la transacci\u00f3n. Como los art\u00edculos que compras son productos digitales, se consideran \"usados\" una vez descargados o accedidos. Todas las compras en iptvthemes.shop son DEFINITIVAS (NO SE ACEPTAN DEVOLUCIONES). Dada la naturaleza intangible de los productos ofrecidos en este sitio. En caso de que no reciba el enlace para el producto digital despu\u00e9s de su compra, por favor, p\u00f3ngase en contacto con nosotros con su transacci\u00f3n o informaci\u00f3n de pago, para que podamos asegurarnos de que su producto le sea entregado a la mayor brevedad posible. Volver a la p\u00e1gina de inicio Explorar plantillas IPTV<\/p>","protected":false},"author":4,"featured_media":0,"parent":0,"menu_order":0,"comment_status":"closed","ping_status":"closed","template":"","meta":{"_monsterinsights_skip_tracking":false,"_monsterinsights_sitenote_active":false,"_monsterinsights_sitenote_note":"","_monsterinsights_sitenote_category":0,"site-sidebar-layout":"default","site-content-layout":"","ast-site-content-layout":"default","site-content-style":"default","site-sidebar-style":"default","ast-global-header-display":"disabled","ast-banner-title-visibility":"","ast-main-header-display":"","ast-hfb-above-header-display":"","ast-hfb-below-header-display":"","ast-hfb-mobile-header-display":"","site-post-title":"","ast-breadcrumbs-content":"","ast-featured-img":"","footer-sml-layout":"","ast-disable-related-posts":"","theme-transparent-header-meta":"default","adv-header-id-meta":"","stick-header-meta":"","header-above-stick-meta":"","header-main-stick-meta":"","header-below-stick-meta":"","astra-migrate-meta-layouts":"set","ast-page-background-enabled":"default","ast-page-background-meta":{"desktop":{"background-color":"var(--ast-global-color-4)","background-image":"","background-repeat":"repeat","background-position":"center center","background-size":"auto","background-attachment":"scroll","background-type":"","background-media":"","overlay-type":"","overlay-color":"","overlay-opacity":"","overlay-gradient":""},"tablet":{"background-color":"","background-image":"","background-repeat":"repeat","background-position":"center center","background-size":"auto","background-attachment":"scroll","background-type":"","background-media":"","overlay-type":"","overlay-color":"","overlay-opacity":"","overlay-gradient":""},"mobile":{"background-color":"","background-image":"","background-repeat":"repeat","background-position":"center center","background-size":"auto","background-attachment":"scroll","background-type":"","background-media":"","overlay-type":"","overlay-color":"","overlay-opacity":"","overlay-gradient":""}},"ast-content-background-meta":{"desktop":{"background-color":"var(--ast-global-color-5)","background-image":"","background-repeat":"repeat","background-position":"center center","background-size":"auto","background-attachment":"scroll","background-type":"","background-media":"","overlay-type":"","overlay-color":"","overlay-opacity":"","overlay-gradient":""},"tablet":{"background-color":"var(--ast-global-color-5)","background-image":"","background-repeat":"repeat","background-position":"center center","background-size":"auto","background-attachment":"scroll","background-type":"","background-media":"","overlay-type":"","overlay-color":"","overlay-opacity":"","overlay-gradient":""},"mobile":{"background-color":"var(--ast-global-color-5)","background-image":"","background-repeat":"repeat","background-position":"center center","background-size":"auto","background-attachment":"scroll","background-type":"","background-media":"","overlay-type":"","overlay-color":"","overlay-opacity":"","overlay-gradient":""}},"footnotes":""},"class_list":["post-2082","page","type-page","status-publish","hentry"],"yoast_head":"<!-- This site is optimized with the Yoast SEO plugin v27.3 - https:\/\/yoast.com\/product\/yoast-seo-wordpress\/ -->\n<title>Refund Policy<\/title>\n<meta name=\"robots\" content=\"index, follow, max-snippet:-1, max-image-preview:large, max-video-preview:-1\" \/>\n<link rel=\"canonical\" href=\"https:\/\/iptvthemes.shop\/es\/politica-de-reembolso\/\" \/>\n<meta property=\"og:locale\" content=\"es_ES\" \/>\n<meta property=\"og:type\" content=\"article\" \/>\n<meta property=\"og:title\" content=\"Refund Policy\" \/>\n<meta property=\"og:description\" content=\"Refund Policy The purchase of digital goods, such as template downloads, PDFs, etc, is governed by specific terms and conditions. It is recommended that customers thoroughly examine these terms before proceeding with any purchase. Every purchase involving intangible products, including printables, resource materials, templates, or any content that you can consume online, is processed via payment gateways like PayPal, Stripe, or direct bank transfers. These gateways ensure the safe and secure use of various credit and debit cards across different countries, without storing your details during the transaction. As the items you buy are digital products, they are considered \u201cused\u201d once downloaded or accessed. All purchases on iptvthemes.shop are FINAL (REFUNDS ARE NOT ALLOWED). Given the intangible nature of the products offered on this site. In case you don\u2019t receive the link for the digital product after your purchase, please promptly reach out to us with your transaction or payment information, so we can make sure your product is delivered to you at the earliest opportunity. Back to Homepage Browse IPTV Templates\" \/>\n<meta property=\"og:url\" content=\"https:\/\/iptvthemes.shop\/es\/politica-de-reembolso\/\" \/>\n<meta property=\"og:site_name\" content=\"IPTV Templates | IPTV WordPress Templates\" \/>\n<meta property=\"article:modified_time\" content=\"2024-08-16T21:48:40+00:00\" \/>\n<meta name=\"twitter:card\" content=\"summary_large_image\" \/>\n<meta name=\"twitter:label1\" content=\"Tiempo de lectura\" \/>\n\t<meta name=\"twitter:data1\" content=\"1 minuto\" \/>\n<script type=\"application\/ld+json\" class=\"yoast-schema-graph\">{\"@context\":\"https:\\\/\\\/schema.org\",\"@graph\":[{\"@type\":\"WebPage\",\"@id\":\"https:\\\/\\\/iptvthemes.shop\\\/refund-policy\\\/\",\"url\":\"https:\\\/\\\/iptvthemes.shop\\\/refund-policy\\\/\",\"name\":\"Refund Policy\",\"isPartOf\":{\"@id\":\"https:\\\/\\\/iptvthemes.shop\\\/#website\"},\"datePublished\":\"2023-12-28T14:43:21+00:00\",\"dateModified\":\"2024-08-16T21:48:40+00:00\",\"breadcrumb\":{\"@id\":\"https:\\\/\\\/iptvthemes.shop\\\/refund-policy\\\/#breadcrumb\"},\"inLanguage\":\"es\",\"potentialAction\":[{\"@type\":\"ReadAction\",\"target\":[\"https:\\\/\\\/iptvthemes.shop\\\/refund-policy\\\/\"]}]},{\"@type\":\"BreadcrumbList\",\"@id\":\"https:\\\/\\\/iptvthemes.shop\\\/refund-policy\\\/#breadcrumb\",\"itemListElement\":[{\"@type\":\"ListItem\",\"position\":1,\"name\":\"Home\",\"item\":\"https:\\\/\\\/iptvthemes.shop\\\/\"},{\"@type\":\"ListItem\",\"position\":2,\"name\":\"Refund Policy\"}]},{\"@type\":\"WebSite\",\"@id\":\"https:\\\/\\\/iptvthemes.shop\\\/#website\",\"url\":\"https:\\\/\\\/iptvthemes.shop\\\/\",\"name\":\"IPTV Templates | IPTV WordPress Templates\",\"description\":\"\",\"publisher\":{\"@id\":\"https:\\\/\\\/iptvthemes.shop\\\/#organization\"},\"potentialAction\":[{\"@type\":\"SearchAction\",\"target\":{\"@type\":\"EntryPoint\",\"urlTemplate\":\"https:\\\/\\\/iptvthemes.shop\\\/?s={search_term_string}\"},\"query-input\":{\"@type\":\"PropertyValueSpecification\",\"valueRequired\":true,\"valueName\":\"search_term_string\"}}],\"inLanguage\":\"es\"},{\"@type\":\"Organization\",\"@id\":\"https:\\\/\\\/iptvthemes.shop\\\/#organization\",\"name\":\"IPTV Templates\",\"url\":\"https:\\\/\\\/iptvthemes.shop\\\/\",\"logo\":{\"@type\":\"ImageObject\",\"inLanguage\":\"es\",\"@id\":\"https:\\\/\\\/iptvthemes.shop\\\/#\\\/schema\\\/logo\\\/image\\\/\",\"url\":\"https:\\\/\\\/iptvthemes.shop\\\/wp-content\\\/uploads\\\/2023\\\/12\\\/LOGO.png\",\"contentUrl\":\"https:\\\/\\\/iptvthemes.shop\\\/wp-content\\\/uploads\\\/2023\\\/12\\\/LOGO.png\",\"width\":560,\"height\":160,\"caption\":\"IPTV Templates\"},\"image\":{\"@id\":\"https:\\\/\\\/iptvthemes.shop\\\/#\\\/schema\\\/logo\\\/image\\\/\"}}]}<\/script>\n<!-- \/ Yoast SEO plugin. -->","yoast_head_json":{"title":"Pol\u00edtica de reembolso","robots":{"index":"index","follow":"follow","max-snippet":"max-snippet:-1","max-image-preview":"max-image-preview:large","max-video-preview":"max-video-preview:-1"},"canonical":"https:\/\/iptvthemes.shop\/es\/politica-de-reembolso\/","og_locale":"es_ES","og_type":"article","og_title":"Refund Policy","og_description":"Refund Policy The purchase of digital goods, such as template downloads, PDFs, etc, is governed by specific terms and conditions. It is recommended that customers thoroughly examine these terms before proceeding with any purchase. Every purchase involving intangible products, including printables, resource materials, templates, or any content that you can consume online, is processed via payment gateways like PayPal, Stripe, or direct bank transfers. These gateways ensure the safe and secure use of various credit and debit cards across different countries, without storing your details during the transaction. As the items you buy are digital products, they are considered \u201cused\u201d once downloaded or accessed. All purchases on iptvthemes.shop are FINAL (REFUNDS ARE NOT ALLOWED). Given the intangible nature of the products offered on this site. In case you don\u2019t receive the link for the digital product after your purchase, please promptly reach out to us with your transaction or payment information, so we can make sure your product is delivered to you at the earliest opportunity. Back to Homepage Browse IPTV Templates","og_url":"https:\/\/iptvthemes.shop\/es\/politica-de-reembolso\/","og_site_name":"IPTV Templates | IPTV WordPress Templates","article_modified_time":"2024-08-16T21:48:40+00:00","twitter_card":"summary_large_image","twitter_misc":{"Tiempo de lectura":"1 minuto"},"schema":{"@context":"https:\/\/schema.org","@graph":[{"@type":"WebPage","@id":"https:\/\/iptvthemes.shop\/refund-policy\/","url":"https:\/\/iptvthemes.shop\/refund-policy\/","name":"Pol\u00edtica de reembolso","isPartOf":{"@id":"https:\/\/iptvthemes.shop\/#website"},"datePublished":"2023-12-28T14:43:21+00:00","dateModified":"2024-08-16T21:48:40+00:00","breadcrumb":{"@id":"https:\/\/iptvthemes.shop\/refund-policy\/#breadcrumb"},"inLanguage":"es","potentialAction":[{"@type":"ReadAction","target":["https:\/\/iptvthemes.shop\/refund-policy\/"]}]},{"@type":"BreadcrumbList","@id":"https:\/\/iptvthemes.shop\/refund-policy\/#breadcrumb","itemListElement":[{"@type":"ListItem","position":1,"name":"Home","item":"https:\/\/iptvthemes.shop\/"},{"@type":"ListItem","position":2,"name":"Refund Policy"}]},{"@type":"WebSite","@id":"https:\/\/iptvthemes.shop\/#website","url":"https:\/\/iptvthemes.shop\/","name":"IPTV Plantillas | IPTV Plantillas WordPress","description":"","publisher":{"@id":"https:\/\/iptvthemes.shop\/#organization"},"potentialAction":[{"@type":"SearchAction","target":{"@type":"EntryPoint","urlTemplate":"https:\/\/iptvthemes.shop\/?s={search_term_string}"},"query-input":{"@type":"PropertyValueSpecification","valueRequired":true,"valueName":"search_term_string"}}],"inLanguage":"es"},{"@type":"Organization","@id":"https:\/\/iptvthemes.shop\/#organization","name":"Plantillas IPTV","url":"https:\/\/iptvthemes.shop\/","logo":{"@type":"ImageObject","inLanguage":"es","@id":"https:\/\/iptvthemes.shop\/#\/schema\/logo\/image\/","url":"https:\/\/iptvthemes.shop\/wp-content\/uploads\/2023\/12\/LOGO.png","contentUrl":"https:\/\/iptvthemes.shop\/wp-content\/uploads\/2023\/12\/LOGO.png","width":560,"height":160,"caption":"IPTV Templates"},"image":{"@id":"https:\/\/iptvthemes.shop\/#\/schema\/logo\/image\/"}}]}},"_links":{"self":[{"href":"https:\/\/iptvthemes.shop\/es\/wp-json\/wp\/v2\/pages\/2082","targetHints":{"allow":["GET"]}}],"collection":[{"href":"https:\/\/iptvthemes.shop\/es\/wp-json\/wp\/v2\/pages"}],"about":[{"href":"https:\/\/iptvthemes.shop\/es\/wp-json\/wp\/v2\/types\/page"}],"author":[{"embeddable":true,"href":"https:\/\/iptvthemes.shop\/es\/wp-json\/wp\/v2\/users\/4"}],"replies":[{"embeddable":true,"href":"https:\/\/iptvthemes.shop\/es\/wp-json\/wp\/v2\/comments?post=2082"}],"version-history":[{"count":10,"href":"https:\/\/iptvthemes.shop\/es\/wp-json\/wp\/v2\/pages\/2082\/revisions"}],"predecessor-version":[{"id":4773,"href":"https:\/\/iptvthemes.shop\/es\/wp-json\/wp\/v2\/pages\/2082\/revisions\/4773"}],"wp:attachment":[{"href":"https:\/\/iptvthemes.shop\/es\/wp-json\/wp\/v2\/media?parent=2082"}],"curies":[{"name":"wp","href":"https:\/\/api.w.org\/{rel}","templated":true}]}}