{"id":5104,"date":"2024-09-21T12:51:59","date_gmt":"2024-09-21T12:51:59","guid":{"rendered":"https:\/\/iptvthemes.shop\/?page_id=5104"},"modified":"2024-09-24T12:45:07","modified_gmt":"2024-09-24T12:45:07","slug":"iptv-templates-reviews","status":"publish","type":"page","link":"https:\/\/iptvthemes.shop\/fr\/iptv-templates-reviews\/","title":{"rendered":"Revues des mod\u00e8les IPTV"},"content":{"rendered":"<div data-elementor-type=\"wp-page\" data-elementor-id=\"5104\" class=\"elementor elementor-5104\">\n\t\t\t\t<div class=\"has_eae_slider elementor-element elementor-element-3229714b e-con-full e-flex wpr-particle-no wpr-jarallax-no wpr-parallax-no wpr-sticky-section-no e-con e-parent\" data-eae-slider=\"30781\" data-id=\"3229714b\" data-element_type=\"container\" data-e-type=\"container\" data-settings=\"{&quot;background_background&quot;:&quot;classic&quot;,&quot;shape_divider_bottom&quot;:&quot;mountains&quot;}\">\n\t\t\t\t<div class=\"elementor-shape elementor-shape-bottom\" aria-hidden=\"true\" data-negative=\"false\">\n\t\t\t<svg xmlns=\"http:\/\/www.w3.org\/2000\/svg\" viewbox=\"0 0 1000 100\" preserveaspectratio=\"none\">\n\t<path class=\"elementor-shape-fill\" opacity=\"0.33\" d=\"M473,67.3c-203.9,88.3-263.1-34-320.3,0C66,119.1,0,59.7,0,59.7V0h1000v59.7 c0,0-62.1,26.1-94.9,29.3c-32.8,3.3-62.8-12.3-75.8-22.1C806,49.6,745.3,8.7,694.9,4.7S492.4,59,473,67.3z\"\/>\n\t<path class=\"elementor-shape-fill\" opacity=\"0.66\" d=\"M734,67.3c-45.5,0-77.2-23.2-129.1-39.1c-28.6-8.7-150.3-10.1-254,39.1 s-91.7-34.4-149.2,0C115.7,118.3,0,39.8,0,39.8V0h1000v36.5c0,0-28.2-18.5-92.1-18.5C810.2,18.1,775.7,67.3,734,67.3z\"\/>\n\t<path class=\"elementor-shape-fill\" d=\"M766.1,28.9c-200-57.5-266,65.5-395.1,19.5C242,1.8,242,5.4,184.8,20.6C128,35.8,132.3,44.9,89.9,52.5C28.6,63.7,0,0,0,0 h1000c0,0-9.9,40.9-83.6,48.1S829.6,47,766.1,28.9z\"\/>\n<\/svg>\t\t<\/div>\n\t\t<div class=\"has_eae_slider elementor-element elementor-element-699907c7 e-flex e-con-boxed wpr-particle-no wpr-jarallax-no wpr-parallax-no wpr-sticky-section-no e-con e-child\" data-eae-slider=\"52663\" data-id=\"699907c7\" data-element_type=\"container\" data-e-type=\"container\">\n\t\t\t\t\t<div class=\"e-con-inner\">\n\t\t<div class=\"has_eae_slider elementor-element elementor-element-3159894d e-flex e-con-boxed wpr-particle-no wpr-jarallax-no wpr-parallax-no wpr-sticky-section-no e-con e-child\" data-eae-slider=\"41818\" data-id=\"3159894d\" data-element_type=\"container\" data-e-type=\"container\">\n\t\t\t\t\t<div class=\"e-con-inner\">\n\t\t\t\t<div class=\"elementor-element elementor-element-77f7ae5 elementor-widget elementor-widget-heading\" data-id=\"77f7ae5\" data-element_type=\"widget\" data-e-type=\"widget\" data-widget_type=\"heading.default\">\n\t\t\t\t<div class=\"elementor-widget-container\">\n\t\t\t\t\t<h1 class=\"elementor-heading-title elementor-size-default\">Avis de Nos Clients sur les mod\u00e8les IPTV<\/h1>\t\t\t\t<\/div>\n\t\t\t\t<\/div>\n\t\t\t\t<div class=\"elementor-element elementor-element-5e5de9e6 elementor-widget elementor-widget-text-editor\" data-id=\"5e5de9e6\" data-element_type=\"widget\" data-e-type=\"widget\" data-widget_type=\"text-editor.default\">\n\t\t\t\t<div class=\"elementor-widget-container\">\n\t\t\t\t\t\t\t\t\tVoyez ce que disent nos vrais clients ! Nous avons partag\u00e9 des captures d'\u00e9cran WhatsApp de clients heureux qui aiment nos mod\u00e8les IPTV. Ces avis montrent leurs opinions honn\u00eates : pas de changements, pas d'\u00e9ditions, juste de vrais avis de vraies personnes. Jetez-y un coup d'\u0153il et d\u00e9couvrez pourquoi tant de gens nous font confiance. Vous pourriez \u00eatre le prochain client heureux !\t\t\t\t\t\t\t\t<\/div>\n\t\t\t\t<\/div>\n\t\t\t\t\t<\/div>\n\t\t\t\t<\/div>\n\t\t\t\t\t<\/div>\n\t\t\t\t<\/div>\n\t\t\t\t<\/div>\n\t\t<div class=\"has_eae_slider elementor-element elementor-element-8adcd18 e-flex e-con-boxed wpr-particle-no wpr-jarallax-no wpr-parallax-no wpr-sticky-section-no e-con e-parent\" data-eae-slider=\"11046\" data-id=\"8adcd18\" data-element_type=\"container\" data-e-type=\"container\" data-settings=\"{&quot;background_background&quot;:&quot;classic&quot;}\">\n\t\t\t\t\t<div class=\"e-con-inner\">\n\t\t<div class=\"has_eae_slider elementor-element elementor-element-5b4bbad e-con-full e-flex wpr-particle-no wpr-jarallax-no wpr-parallax-no wpr-sticky-section-no e-con e-child\" data-eae-slider=\"17021\" data-id=\"5b4bbad\" data-element_type=\"container\" data-e-type=\"container\" data-settings=\"{&quot;background_background&quot;:&quot;classic&quot;}\">\n\t\t\t\t<div class=\"elementor-element elementor-element-0275dba elementor-arrows-position-outside elementor-widget elementor-widget-image-carousel\" data-id=\"0275dba\" data-element_type=\"widget\" data-e-type=\"widget\" data-settings=\"{&quot;slides_to_show&quot;:&quot;4&quot;,&quot;image_spacing_custom&quot;:{&quot;unit&quot;:&quot;px&quot;,&quot;size&quot;:10,&quot;sizes&quot;:[]},&quot;navigation&quot;:&quot;arrows&quot;,&quot;autoplay&quot;:&quot;yes&quot;,&quot;pause_on_hover&quot;:&quot;yes&quot;,&quot;pause_on_interaction&quot;:&quot;yes&quot;,&quot;autoplay_speed&quot;:5000,&quot;infinite&quot;:&quot;yes&quot;,&quot;speed&quot;:500,&quot;image_spacing_custom_tablet&quot;:{&quot;unit&quot;:&quot;px&quot;,&quot;size&quot;:&quot;&quot;,&quot;sizes&quot;:[]},&quot;image_spacing_custom_mobile&quot;:{&quot;unit&quot;:&quot;px&quot;,&quot;size&quot;:&quot;&quot;,&quot;sizes&quot;:[]}}\" data-widget_type=\"image-carousel.default\">\n\t\t\t\t<div class=\"elementor-widget-container\">\n\t\t\t\t\t\t\t<div class=\"elementor-image-carousel-wrapper swiper\" role=\"region\" aria-roledescription=\"carousel\" aria-label=\"Carrousel d&#039;images\" dir=\"ltr\">\n\t\t\t<div class=\"elementor-image-carousel swiper-wrapper\" aria-live=\"off\">\n\t\t\t\t\t\t\t\t<div class=\"swiper-slide\" role=\"group\" aria-roledescription=\"slide\" aria-label=\"1 de 9\"><figure class=\"swiper-slide-inner\"><img decoding=\"async\" class=\"swiper-slide-image\" src=\"https:\/\/iptvthemes.shop\/wp-content\/uploads\/2024\/09\/iptvthemes-template-feedback-trust-3.jpeg\" alt=\"iptvthemes-template-feedback-trust (3)\" \/><\/figure><\/div><div class=\"swiper-slide\" role=\"group\" aria-roledescription=\"slide\" aria-label=\"2 de 9\"><figure class=\"swiper-slide-inner\"><img decoding=\"async\" class=\"swiper-slide-image\" src=\"https:\/\/iptvthemes.shop\/wp-content\/uploads\/2024\/09\/iptvthemes-template-feedback-trust-4.jpeg\" alt=\"iptvthemes-template-feedback-trust (4)\" \/><\/figure><\/div><div class=\"swiper-slide\" role=\"group\" aria-roledescription=\"slide\" aria-label=\"3 de 9\"><figure class=\"swiper-slide-inner\"><img decoding=\"async\" class=\"swiper-slide-image\" src=\"https:\/\/iptvthemes.shop\/wp-content\/uploads\/2024\/09\/iptv-theme-feedback.jpeg\" alt=\"iptv-theme-feedback\" \/><\/figure><\/div><div class=\"swiper-slide\" role=\"group\" aria-roledescription=\"slide\" aria-label=\"4 de 9\"><figure class=\"swiper-slide-inner\"><img decoding=\"async\" class=\"swiper-slide-image\" src=\"https:\/\/iptvthemes.shop\/wp-content\/uploads\/2024\/09\/iptv-templates-testimontials-3.jpeg\" alt=\"iptv-templates-testimontials (3)\" \/><\/figure><\/div><div class=\"swiper-slide\" role=\"group\" aria-roledescription=\"slide\" aria-label=\"5 de 9\"><figure class=\"swiper-slide-inner\"><img decoding=\"async\" class=\"swiper-slide-image\" src=\"https:\/\/iptvthemes.shop\/wp-content\/uploads\/2024\/09\/iptvthemes-template-feedback-trust-1.jpeg\" alt=\"iptvthemes-template-feedback-trust (1)\" \/><\/figure><\/div><div class=\"swiper-slide\" role=\"group\" aria-roledescription=\"slide\" aria-label=\"6 de 9\"><figure class=\"swiper-slide-inner\"><img decoding=\"async\" class=\"swiper-slide-image\" src=\"https:\/\/iptvthemes.shop\/wp-content\/uploads\/2024\/09\/iptvthemes-template-feedback-trust-6.jpeg\" alt=\"iptvthemes-template-feedback-trust (6)\" \/><\/figure><\/div><div class=\"swiper-slide\" role=\"group\" aria-roledescription=\"slide\" aria-label=\"7 de 9\"><figure class=\"swiper-slide-inner\"><img decoding=\"async\" class=\"swiper-slide-image\" src=\"https:\/\/iptvthemes.shop\/wp-content\/uploads\/2024\/09\/iptv-templates-testimontials-2.jpeg\" alt=\"iptv-templates-testimontials (2)\" \/><\/figure><\/div><div class=\"swiper-slide\" role=\"group\" aria-roledescription=\"slide\" aria-label=\"8 sur 9\"><figure class=\"swiper-slide-inner\"><img decoding=\"async\" class=\"swiper-slide-image\" src=\"https:\/\/iptvthemes.shop\/wp-content\/uploads\/2024\/09\/iptv-templates-testimontials-1.jpeg\" alt=\"iptv templates testimonials\" \/><\/figure><\/div><div class=\"swiper-slide\" role=\"group\" aria-roledescription=\"slide\" aria-label=\"9 sur 9\"><figure class=\"swiper-slide-inner\"><img decoding=\"async\" class=\"swiper-slide-image\" src=\"https:\/\/iptvthemes.shop\/wp-content\/uploads\/2024\/09\/iptvthemes-template-feedback-trust-5.jpeg\" alt=\"iptvthemes-template-feedback-trust (5)\" \/><\/figure><\/div>\t\t\t<\/div>\n\t\t\t\t\t\t\t\t\t\t\t\t<div class=\"elementor-swiper-button elementor-swiper-button-prev\" role=\"button\" tabindex=\"0\">\n\t\t\t\t\t\t<svg aria-hidden=\"true\" class=\"e-font-icon-svg e-eicon-chevron-left\" viewbox=\"0 0 1000 1000\" xmlns=\"http:\/\/www.w3.org\/2000\/svg\"><path d=\"M646 125C629 125 613 133 604 142L308 442C296 454 292 471 292 487 292 504 296 521 308 533L604 854C617 867 629 875 646 875 663 875 679 871 692 858 704 846 713 829 713 812 713 796 708 779 692 767L438 487 692 225C700 217 708 204 708 187 708 171 704 154 692 142 675 129 663 125 646 125Z\"><\/path><\/svg>\t\t\t\t\t<\/div>\n\t\t\t\t\t<div class=\"elementor-swiper-button elementor-swiper-button-next\" role=\"button\" tabindex=\"0\">\n\t\t\t\t\t\t<svg aria-hidden=\"true\" class=\"e-font-icon-svg e-eicon-chevron-right\" viewbox=\"0 0 1000 1000\" xmlns=\"http:\/\/www.w3.org\/2000\/svg\"><path d=\"M696 533C708 521 713 504 713 487 713 471 708 454 696 446L400 146C388 133 375 125 354 125 338 125 325 129 313 142 300 154 292 171 292 187 292 204 296 221 308 233L563 492 304 771C292 783 288 800 288 817 288 833 296 850 308 863 321 871 338 875 354 875 371 875 388 867 400 854L696 533Z\"><\/path><\/svg>\t\t\t\t\t<\/div>\n\t\t\t\t\n\t\t\t\t\t\t\t\t\t<\/div>\n\t\t\t\t\t\t<\/div>\n\t\t\t\t<\/div>\n\t\t\t\t<\/div>\n\t\t\t\t\t<\/div>\n\t\t\t\t<\/div>\n\t\t<div class=\"has_eae_slider elementor-element elementor-element-0052bd6 e-flex e-con-boxed wpr-particle-no wpr-jarallax-no wpr-parallax-no wpr-sticky-section-no e-con e-parent\" data-eae-slider=\"22193\" data-id=\"0052bd6\" data-element_type=\"container\" data-e-type=\"container\" data-settings=\"{&quot;background_background&quot;:&quot;classic&quot;}\">\n\t\t\t\t\t<div class=\"e-con-inner\">\n\t\t\t\t<div class=\"elementor-element elementor-element-522f9c1 elementor-widget elementor-widget-heading\" data-id=\"522f9c1\" data-element_type=\"widget\" data-e-type=\"widget\" data-widget_type=\"heading.default\">\n\t\t\t\t<div class=\"elementor-widget-container\">\n\t\t\t\t\t<h1 class=\"elementor-heading-title elementor-size-default\">Pr\u00eat \u00e0 acheter votre mod\u00e8le IPTV ?<\/h1>\t\t\t\t<\/div>\n\t\t\t\t<\/div>\n\t\t\t\t\t<\/div>\n\t\t\t\t<\/div>\n\t\t<div class=\"has_eae_slider elementor-element elementor-element-48ca3d2 e-flex e-con-boxed wpr-particle-no wpr-jarallax-no wpr-parallax-no wpr-sticky-section-no e-con e-parent\" data-eae-slider=\"1670\" data-id=\"48ca3d2\" data-element_type=\"container\" data-e-type=\"container\">\n\t\t\t\t\t<div class=\"e-con-inner\">\n\t\t\t\t<div class=\"elementor-element elementor-element-8bb2390 elementor-widget elementor-widget-text-editor\" data-id=\"8bb2390\" data-element_type=\"widget\" data-e-type=\"widget\" data-widget_type=\"text-editor.default\">\n\t\t\t\t<div class=\"elementor-widget-container\">\n\t\t\t\t\t\t\t\t\tChoisissez votre mod\u00e8le IPTV pr\u00e9f\u00e9r\u00e9 et contactez-nous sur WhatsApp pour passer votre commande. Si vous vous demandez quelles sont les options de paiement que nous proposons, jetez un coup d'\u0153il \u00e0 nos <a href=\"https:\/\/iptvthemes.shop\/fr\/les-modes-de-paiement\/\">comment payer<\/a> page.\t\t\t\t\t\t\t\t<\/div>\n\t\t\t\t<\/div>\n\t\t\t\t\t<\/div>\n\t\t\t\t<\/div>\n\t\t<div class=\"has_eae_slider elementor-element elementor-element-d7ad8e5 e-flex e-con-boxed wpr-particle-no wpr-jarallax-no wpr-parallax-no wpr-sticky-section-no e-con e-parent\" data-eae-slider=\"54173\" data-id=\"d7ad8e5\" data-element_type=\"container\" data-e-type=\"container\">\n\t\t\t\t\t<div class=\"e-con-inner\">\n\t\t\t\t<div class=\"elementor-element elementor-element-b281f96 elementor-align-center elementor-widget elementor-widget-button\" data-id=\"b281f96\" data-element_type=\"widget\" data-e-type=\"widget\" data-widget_type=\"button.default\">\n\t\t\t\t<div class=\"elementor-widget-container\">\n\t\t\t\t\t\t\t\t\t<div class=\"elementor-button-wrapper\">\n\t\t\t\t\t<a class=\"elementor-button elementor-button-link elementor-size-sm\" href=\"https:\/\/iptvthemes.shop\/fr\/iptv-wordpress-templates\/\">\n\t\t\t\t\t\t<span class=\"elementor-button-content-wrapper\">\n\t\t\t\t\t\t\t\t\t<span class=\"elementor-button-text\">Parcourir les mod\u00e8les IPTV<\/span>\n\t\t\t\t\t<\/span>\n\t\t\t\t\t<\/a>\n\t\t\t\t<\/div>\n\t\t\t\t\t\t\t\t<\/div>\n\t\t\t\t<\/div>\n\t\t\t\t\t<\/div>\n\t\t\t\t<\/div>\n\t\t\t\t<\/div>","protected":false},"excerpt":{"rendered":"<p>Nos mod\u00e8les IPTV Critiques Voyez ce que disent nos vrais clients ! Nous avons partag\u00e9 des captures d'\u00e9cran WhatsApp de clients heureux qui aiment nos mod\u00e8les IPTV. Ces commentaires montrent leurs opinions honn\u00eates : pas de changements, pas d'\u00e9ditions, juste de vrais commentaires de vraies personnes. Jetez-y un coup d'\u0153il et voyez pourquoi tant de gens nous font confiance. Vous pourriez \u00eatre le prochain client heureux ! Pr\u00eat \u00e0 acheter votre mod\u00e8le IPTV ? Choisissez votre mod\u00e8le IPTV pr\u00e9f\u00e9r\u00e9 et contactez-nous sur WhatsApp pour passer votre commande. Si vous vous demandez quelles sont les options de paiement que nous proposons, jetez un coup d'\u0153il \u00e0 notre page Comment payer. Parcourir les mod\u00e8les IPTV<\/p>","protected":false},"author":4,"featured_media":0,"parent":0,"menu_order":0,"comment_status":"closed","ping_status":"closed","template":"","meta":{"_monsterinsights_skip_tracking":false,"_monsterinsights_sitenote_active":false,"_monsterinsights_sitenote_note":"","_monsterinsights_sitenote_category":0,"site-sidebar-layout":"no-sidebar","site-content-layout":"","ast-site-content-layout":"full-width-container","site-content-style":"default","site-sidebar-style":"default","ast-global-header-display":"","ast-banner-title-visibility":"","ast-main-header-display":"","ast-hfb-above-header-display":"","ast-hfb-below-header-display":"","ast-hfb-mobile-header-display":"","site-post-title":"disabled","ast-breadcrumbs-content":"","ast-featured-img":"disabled","footer-sml-layout":"","ast-disable-related-posts":"","theme-transparent-header-meta":"default","adv-header-id-meta":"","stick-header-meta":"","header-above-stick-meta":"","header-main-stick-meta":"","header-below-stick-meta":"","astra-migrate-meta-layouts":"set","ast-page-background-enabled":"default","ast-page-background-meta":{"desktop":{"background-color":"var(--ast-global-color-4)","background-image":"","background-repeat":"repeat","background-position":"center center","background-size":"auto","background-attachment":"scroll","background-type":"","background-media":"","overlay-type":"","overlay-color":"","overlay-opacity":"","overlay-gradient":""},"tablet":{"background-color":"","background-image":"","background-repeat":"repeat","background-position":"center center","background-size":"auto","background-attachment":"scroll","background-type":"","background-media":"","overlay-type":"","overlay-color":"","overlay-opacity":"","overlay-gradient":""},"mobile":{"background-color":"","background-image":"","background-repeat":"repeat","background-position":"center center","background-size":"auto","background-attachment":"scroll","background-type":"","background-media":"","overlay-type":"","overlay-color":"","overlay-opacity":"","overlay-gradient":""}},"ast-content-background-meta":{"desktop":{"background-color":"var(--ast-global-color-5)","background-image":"","background-repeat":"repeat","background-position":"center center","background-size":"auto","background-attachment":"scroll","background-type":"","background-media":"","overlay-type":"","overlay-color":"","overlay-opacity":"","overlay-gradient":""},"tablet":{"background-color":"var(--ast-global-color-5)","background-image":"","background-repeat":"repeat","background-position":"center center","background-size":"auto","background-attachment":"scroll","background-type":"","background-media":"","overlay-type":"","overlay-color":"","overlay-opacity":"","overlay-gradient":""},"mobile":{"background-color":"var(--ast-global-color-5)","background-image":"","background-repeat":"repeat","background-position":"center center","background-size":"auto","background-attachment":"scroll","background-type":"","background-media":"","overlay-type":"","overlay-color":"","overlay-opacity":"","overlay-gradient":""}},"footnotes":""},"class_list":["post-5104","page","type-page","status-publish","hentry"],"yoast_head":"<!-- This site is optimized with the Yoast SEO plugin v27.3 - https:\/\/yoast.com\/product\/yoast-seo-wordpress\/ -->\n<title>IPTV Templates Reviews<\/title>\n<meta name=\"robots\" content=\"index, follow, max-snippet:-1, max-image-preview:large, max-video-preview:-1\" \/>\n<link rel=\"canonical\" href=\"https:\/\/iptvthemes.shop\/fr\/iptv-templates-reviews\/\" \/>\n<meta property=\"og:locale\" content=\"fr_FR\" \/>\n<meta property=\"og:type\" content=\"article\" \/>\n<meta property=\"og:title\" content=\"IPTV Templates Reviews\" \/>\n<meta property=\"og:description\" content=\"Our IPTV Templates Reviews See what our real customers are saying! We&#8217;ve shared actual WhatsApp screenshots from happy customers who love our IPTV templates. These reviews show their honest opinions: no changes, no edits, just real feedback from real people. Please take a look and see why so many people trust us. You could be the next happy customer! Ready to Buy Your IPTV Template? Choose your favorite IPTV template and contact us on WhatsApp to place your order, if you&#8217;re wondering what payment options we have, take a look at our how to pay page. Browse IPTV Templates\" \/>\n<meta property=\"og:url\" content=\"https:\/\/iptvthemes.shop\/fr\/iptv-templates-reviews\/\" \/>\n<meta property=\"og:site_name\" content=\"IPTV Templates | IPTV WordPress Templates\" \/>\n<meta property=\"article:modified_time\" content=\"2024-09-24T12:45:07+00:00\" \/>\n<meta property=\"og:image\" content=\"https:\/\/iptvthemes.shop\/wp-content\/uploads\/2024\/09\/iptvthemes-template-feedback-trust-3.jpeg\" \/>\n<meta name=\"twitter:card\" content=\"summary_large_image\" \/>\n<script type=\"application\/ld+json\" class=\"yoast-schema-graph\">{\"@context\":\"https:\\\/\\\/schema.org\",\"@graph\":[{\"@type\":\"WebPage\",\"@id\":\"https:\\\/\\\/iptvthemes.shop\\\/it\\\/recensioni-di-modelli-iptv\\\/\",\"url\":\"https:\\\/\\\/iptvthemes.shop\\\/it\\\/recensioni-di-modelli-iptv\\\/\",\"name\":\"IPTV Templates Reviews\",\"isPartOf\":{\"@id\":\"https:\\\/\\\/iptvthemes.shop\\\/#website\"},\"primaryImageOfPage\":{\"@id\":\"https:\\\/\\\/iptvthemes.shop\\\/it\\\/recensioni-di-modelli-iptv\\\/#primaryimage\"},\"image\":{\"@id\":\"https:\\\/\\\/iptvthemes.shop\\\/it\\\/recensioni-di-modelli-iptv\\\/#primaryimage\"},\"thumbnailUrl\":\"https:\\\/\\\/iptvthemes.shop\\\/wp-content\\\/uploads\\\/2024\\\/09\\\/iptvthemes-template-feedback-trust-3.jpeg\",\"datePublished\":\"2024-09-21T12:51:59+00:00\",\"dateModified\":\"2024-09-24T12:45:07+00:00\",\"breadcrumb\":{\"@id\":\"https:\\\/\\\/iptvthemes.shop\\\/it\\\/recensioni-di-modelli-iptv\\\/#breadcrumb\"},\"inLanguage\":\"fr-FR\",\"potentialAction\":[{\"@type\":\"ReadAction\",\"target\":[\"https:\\\/\\\/iptvthemes.shop\\\/it\\\/recensioni-di-modelli-iptv\\\/\"]}]},{\"@type\":\"ImageObject\",\"inLanguage\":\"fr-FR\",\"@id\":\"https:\\\/\\\/iptvthemes.shop\\\/it\\\/recensioni-di-modelli-iptv\\\/#primaryimage\",\"url\":\"https:\\\/\\\/iptvthemes.shop\\\/wp-content\\\/uploads\\\/2024\\\/09\\\/iptvthemes-template-feedback-trust-3.jpeg\",\"contentUrl\":\"https:\\\/\\\/iptvthemes.shop\\\/wp-content\\\/uploads\\\/2024\\\/09\\\/iptvthemes-template-feedback-trust-3.jpeg\"},{\"@type\":\"BreadcrumbList\",\"@id\":\"https:\\\/\\\/iptvthemes.shop\\\/it\\\/recensioni-di-modelli-iptv\\\/#breadcrumb\",\"itemListElement\":[{\"@type\":\"ListItem\",\"position\":1,\"name\":\"Home\",\"item\":\"https:\\\/\\\/iptvthemes.shop\\\/\"},{\"@type\":\"ListItem\",\"position\":2,\"name\":\"IPTV Templates Reviews\"}]},{\"@type\":\"WebSite\",\"@id\":\"https:\\\/\\\/iptvthemes.shop\\\/#website\",\"url\":\"https:\\\/\\\/iptvthemes.shop\\\/\",\"name\":\"IPTV Templates | IPTV WordPress Templates\",\"description\":\"\",\"publisher\":{\"@id\":\"https:\\\/\\\/iptvthemes.shop\\\/#organization\"},\"potentialAction\":[{\"@type\":\"SearchAction\",\"target\":{\"@type\":\"EntryPoint\",\"urlTemplate\":\"https:\\\/\\\/iptvthemes.shop\\\/?s={search_term_string}\"},\"query-input\":{\"@type\":\"PropertyValueSpecification\",\"valueRequired\":true,\"valueName\":\"search_term_string\"}}],\"inLanguage\":\"fr-FR\"},{\"@type\":\"Organization\",\"@id\":\"https:\\\/\\\/iptvthemes.shop\\\/#organization\",\"name\":\"IPTV Templates\",\"url\":\"https:\\\/\\\/iptvthemes.shop\\\/\",\"logo\":{\"@type\":\"ImageObject\",\"inLanguage\":\"fr-FR\",\"@id\":\"https:\\\/\\\/iptvthemes.shop\\\/#\\\/schema\\\/logo\\\/image\\\/\",\"url\":\"https:\\\/\\\/iptvthemes.shop\\\/wp-content\\\/uploads\\\/2023\\\/12\\\/LOGO.png\",\"contentUrl\":\"https:\\\/\\\/iptvthemes.shop\\\/wp-content\\\/uploads\\\/2023\\\/12\\\/LOGO.png\",\"width\":560,\"height\":160,\"caption\":\"IPTV Templates\"},\"image\":{\"@id\":\"https:\\\/\\\/iptvthemes.shop\\\/#\\\/schema\\\/logo\\\/image\\\/\"}}]}<\/script>\n<!-- \/ Yoast SEO plugin. -->","yoast_head_json":{"title":"Revues des mod\u00e8les IPTV","robots":{"index":"index","follow":"follow","max-snippet":"max-snippet:-1","max-image-preview":"max-image-preview:large","max-video-preview":"max-video-preview:-1"},"canonical":"https:\/\/iptvthemes.shop\/fr\/iptv-templates-reviews\/","og_locale":"fr_FR","og_type":"article","og_title":"IPTV Templates Reviews","og_description":"Our IPTV Templates Reviews See what our real customers are saying! We&#8217;ve shared actual WhatsApp screenshots from happy customers who love our IPTV templates. These reviews show their honest opinions: no changes, no edits, just real feedback from real people. Please take a look and see why so many people trust us. You could be the next happy customer! Ready to Buy Your IPTV Template? Choose your favorite IPTV template and contact us on WhatsApp to place your order, if you&#8217;re wondering what payment options we have, take a look at our how to pay page. Browse IPTV Templates","og_url":"https:\/\/iptvthemes.shop\/fr\/iptv-templates-reviews\/","og_site_name":"IPTV Templates | IPTV WordPress Templates","article_modified_time":"2024-09-24T12:45:07+00:00","og_image":[{"url":"https:\/\/iptvthemes.shop\/wp-content\/uploads\/2024\/09\/iptvthemes-template-feedback-trust-3.jpeg","type":"","width":"","height":""}],"twitter_card":"summary_large_image","schema":{"@context":"https:\/\/schema.org","@graph":[{"@type":"WebPage","@id":"https:\/\/iptvthemes.shop\/it\/recensioni-di-modelli-iptv\/","url":"https:\/\/iptvthemes.shop\/it\/recensioni-di-modelli-iptv\/","name":"Revues des mod\u00e8les IPTV","isPartOf":{"@id":"https:\/\/iptvthemes.shop\/#website"},"primaryImageOfPage":{"@id":"https:\/\/iptvthemes.shop\/it\/recensioni-di-modelli-iptv\/#primaryimage"},"image":{"@id":"https:\/\/iptvthemes.shop\/it\/recensioni-di-modelli-iptv\/#primaryimage"},"thumbnailUrl":"https:\/\/iptvthemes.shop\/wp-content\/uploads\/2024\/09\/iptvthemes-template-feedback-trust-3.jpeg","datePublished":"2024-09-21T12:51:59+00:00","dateModified":"2024-09-24T12:45:07+00:00","breadcrumb":{"@id":"https:\/\/iptvthemes.shop\/it\/recensioni-di-modelli-iptv\/#breadcrumb"},"inLanguage":"fr-FR","potentialAction":[{"@type":"ReadAction","target":["https:\/\/iptvthemes.shop\/it\/recensioni-di-modelli-iptv\/"]}]},{"@type":"ImageObject","inLanguage":"fr-FR","@id":"https:\/\/iptvthemes.shop\/it\/recensioni-di-modelli-iptv\/#primaryimage","url":"https:\/\/iptvthemes.shop\/wp-content\/uploads\/2024\/09\/iptvthemes-template-feedback-trust-3.jpeg","contentUrl":"https:\/\/iptvthemes.shop\/wp-content\/uploads\/2024\/09\/iptvthemes-template-feedback-trust-3.jpeg"},{"@type":"BreadcrumbList","@id":"https:\/\/iptvthemes.shop\/it\/recensioni-di-modelli-iptv\/#breadcrumb","itemListElement":[{"@type":"ListItem","position":1,"name":"Home","item":"https:\/\/iptvthemes.shop\/"},{"@type":"ListItem","position":2,"name":"IPTV Templates Reviews"}]},{"@type":"WebSite","@id":"https:\/\/iptvthemes.shop\/#website","url":"https:\/\/iptvthemes.shop\/","name":"IPTV Templates | IPTV WordPress Templates","description":"","publisher":{"@id":"https:\/\/iptvthemes.shop\/#organization"},"potentialAction":[{"@type":"SearchAction","target":{"@type":"EntryPoint","urlTemplate":"https:\/\/iptvthemes.shop\/?s={search_term_string}"},"query-input":{"@type":"PropertyValueSpecification","valueRequired":true,"valueName":"search_term_string"}}],"inLanguage":"fr-FR"},{"@type":"Organization","@id":"https:\/\/iptvthemes.shop\/#organization","name":"Mod\u00e8les Templates","url":"https:\/\/iptvthemes.shop\/","logo":{"@type":"ImageObject","inLanguage":"fr-FR","@id":"https:\/\/iptvthemes.shop\/#\/schema\/logo\/image\/","url":"https:\/\/iptvthemes.shop\/wp-content\/uploads\/2023\/12\/LOGO.png","contentUrl":"https:\/\/iptvthemes.shop\/wp-content\/uploads\/2023\/12\/LOGO.png","width":560,"height":160,"caption":"IPTV Templates"},"image":{"@id":"https:\/\/iptvthemes.shop\/#\/schema\/logo\/image\/"}}]}},"_links":{"self":[{"href":"https:\/\/iptvthemes.shop\/fr\/wp-json\/wp\/v2\/pages\/5104","targetHints":{"allow":["GET"]}}],"collection":[{"href":"https:\/\/iptvthemes.shop\/fr\/wp-json\/wp\/v2\/pages"}],"about":[{"href":"https:\/\/iptvthemes.shop\/fr\/wp-json\/wp\/v2\/types\/page"}],"author":[{"embeddable":true,"href":"https:\/\/iptvthemes.shop\/fr\/wp-json\/wp\/v2\/users\/4"}],"replies":[{"embeddable":true,"href":"https:\/\/iptvthemes.shop\/fr\/wp-json\/wp\/v2\/comments?post=5104"}],"version-history":[{"count":10,"href":"https:\/\/iptvthemes.shop\/fr\/wp-json\/wp\/v2\/pages\/5104\/revisions"}],"predecessor-version":[{"id":5373,"href":"https:\/\/iptvthemes.shop\/fr\/wp-json\/wp\/v2\/pages\/5104\/revisions\/5373"}],"wp:attachment":[{"href":"https:\/\/iptvthemes.shop\/fr\/wp-json\/wp\/v2\/media?parent=5104"}],"curies":[{"name":"wp","href":"https:\/\/api.w.org\/{rel}","templated":true}]}}