{"id":2111,"date":"2023-12-28T15:06:21","date_gmt":"2023-12-28T15:06:21","guid":{"rendered":"https:\/\/iptvthemes.shop\/?page_id=2111"},"modified":"2024-01-05T19:55:03","modified_gmt":"2024-01-05T19:55:03","slug":"termos-e-condicoes","status":"publish","type":"page","link":"https:\/\/iptvthemes.shop\/pt\/termos-e-condicoes\/","title":{"rendered":"termos e condi\u00e7\u00f5es"},"content":{"rendered":"<div data-elementor-type=\"wp-page\" data-elementor-id=\"2111\" class=\"elementor elementor-2111\">\n\t\t\t\t<div class=\"has_eae_slider elementor-element elementor-element-23ffec40 e-flex e-con-boxed wpr-particle-no wpr-jarallax-no wpr-parallax-no wpr-sticky-section-no e-con e-parent\" data-eae-slider=\"66597\" data-id=\"23ffec40\" data-element_type=\"container\" data-e-type=\"container\">\n\t\t\t\t\t<div class=\"e-con-inner\">\n\t\t\t\t<div class=\"elementor-element elementor-element-6191af3 elementor-widget elementor-widget-heading\" data-id=\"6191af3\" data-element_type=\"widget\" data-e-type=\"widget\" data-widget_type=\"heading.default\">\n\t\t\t\t<div class=\"elementor-widget-container\">\n\t\t\t\t\t<h2 class=\"elementor-heading-title elementor-size-default\">Termos e condi\u00e7\u00f5es<\/h2>\t\t\t\t<\/div>\n\t\t\t\t<\/div>\n\t\t\t\t<div class=\"elementor-element elementor-element-49df379d elementor-widget elementor-widget-text-editor\" data-id=\"49df379d\" data-element_type=\"widget\" data-e-type=\"widget\" data-widget_type=\"text-editor.default\">\n\t\t\t\t<div class=\"elementor-widget-container\">\n\t\t\t\t\t\t\t\t\t<p>Na iptvthemes.shop, n\u00e3o nos dedicamos \u00e0 venda de produtos IPTV directos em Marrocos ou em qualquer outro local. O nosso foco \u00e9 apenas a venda de modelos e designs de p\u00e1ginas de destino. N\u00f3s n\u00e3o promovemos nem endossamos a venda de conte\u00fado n\u00e3o autorizado globalmente. Os compradores dos nossos produtos assumem total controlo e responsabilidade pela forma como utilizam os nossos modelos e designs.<\/p><p><span style=\"font-style: inherit; font-weight: inherit; text-align: var(--text-align);\">Em caso de perda de acesso ou de extravio de qualquer produto adquirido no nosso s\u00edtio Web, IPTVTHEMES.SHOP n\u00e3o \u00e9 respons\u00e1vel pela perda. Nestes casos, ter\u00e1 de voltar a comprar o produto pelo seu pre\u00e7o total para obter outra c\u00f3pia da nossa parte.<\/span><\/p>\t\t\t\t\t\t\t\t<\/div>\n\t\t\t\t<\/div>\n\t\t\t\t\t<\/div>\n\t\t\t\t<\/div>\n\t\t<div class=\"has_eae_slider elementor-element elementor-element-3d9f15d e-flex e-con-boxed wpr-particle-no wpr-jarallax-no wpr-parallax-no wpr-sticky-section-no e-con e-parent\" data-eae-slider=\"4919\" data-id=\"3d9f15d\" data-element_type=\"container\" data-e-type=\"container\">\n\t\t\t\t\t<div class=\"e-con-inner\">\n\t\t<div class=\"has_eae_slider elementor-element elementor-element-56ef22c e-flex e-con-boxed wpr-particle-no wpr-jarallax-no wpr-parallax-no wpr-sticky-section-no e-con e-child\" data-eae-slider=\"62548\" data-id=\"56ef22c\" data-element_type=\"container\" data-e-type=\"container\">\n\t\t\t\t\t<div class=\"e-con-inner\">\n\t\t\t\t<div class=\"elementor-element elementor-element-c32d775 elementor-align-right elementor-mobile-align-center elementor-widget elementor-widget-button\" data-id=\"c32d775\" data-element_type=\"widget\" data-e-type=\"widget\" data-widget_type=\"button.default\">\n\t\t\t\t<div class=\"elementor-widget-container\">\n\t\t\t\t\t\t\t\t\t<div class=\"elementor-button-wrapper\">\n\t\t\t\t\t<a class=\"elementor-button elementor-button-link elementor-size-sm\" href=\"https:\/\/iptvthemes.shop\/pt\/\">\n\t\t\t\t\t\t<span class=\"elementor-button-content-wrapper\">\n\t\t\t\t\t\t<span class=\"elementor-button-icon\">\n\t\t\t\t<svg aria-hidden=\"true\" class=\"e-font-icon-svg e-fas-home\" viewbox=\"0 0 576 512\" xmlns=\"http:\/\/www.w3.org\/2000\/svg\"><path d=\"M280.37 148.26L96 300.11V464a16 16 0 0 0 16 16l112.06-.29a16 16 0 0 0 15.92-16V368a16 16 0 0 1 16-16h64a16 16 0 0 1 16 16v95.64a16 16 0 0 0 16 16.05L464 480a16 16 0 0 0 16-16V300L295.67 148.26a12.19 12.19 0 0 0-15.3 0zM571.6 251.47L488 182.56V44.05a12 12 0 0 0-12-12h-56a12 12 0 0 0-12 12v72.61L318.47 43a48 48 0 0 0-61 0L4.34 251.47a12 12 0 0 0-1.6 16.9l25.5 31A12 12 0 0 0 45.15 301l235.22-193.74a12.19 12.19 0 0 1 15.3 0L530.9 301a12 12 0 0 0 16.9-1.6l25.5-31a12 12 0 0 0-1.7-16.93z\"><\/path><\/svg>\t\t\t<\/span>\n\t\t\t\t\t\t\t\t\t<span class=\"elementor-button-text\">Voltar \u00e0 p\u00e1gina inicial<\/span>\n\t\t\t\t\t<\/span>\n\t\t\t\t\t<\/a>\n\t\t\t\t<\/div>\n\t\t\t\t\t\t\t\t<\/div>\n\t\t\t\t<\/div>\n\t\t\t\t\t<\/div>\n\t\t\t\t<\/div>\n\t\t<div class=\"has_eae_slider elementor-element elementor-element-bdd8565 e-flex e-con-boxed wpr-particle-no wpr-jarallax-no wpr-parallax-no wpr-sticky-section-no e-con e-child\" data-eae-slider=\"91697\" data-id=\"bdd8565\" data-element_type=\"container\" data-e-type=\"container\">\n\t\t\t\t\t<div class=\"e-con-inner\">\n\t\t\t\t<div class=\"elementor-element elementor-element-e276fd3 elementor-align-center elementor-mobile-align-center elementor-widget elementor-widget-button\" data-id=\"e276fd3\" data-element_type=\"widget\" data-e-type=\"widget\" data-widget_type=\"button.default\">\n\t\t\t\t<div class=\"elementor-widget-container\">\n\t\t\t\t\t\t\t\t\t<div class=\"elementor-button-wrapper\">\n\t\t\t\t\t<a class=\"elementor-button elementor-button-link elementor-size-sm\" href=\"https:\/\/iptvthemes.shop\/pt\/\">\n\t\t\t\t\t\t<span class=\"elementor-button-content-wrapper\">\n\t\t\t\t\t\t<span class=\"elementor-button-icon\">\n\t\t\t\t<svg aria-hidden=\"true\" class=\"e-font-icon-svg e-fas-paint-brush\" viewbox=\"0 0 512 512\" xmlns=\"http:\/\/www.w3.org\/2000\/svg\"><path d=\"M167.02 309.34c-40.12 2.58-76.53 17.86-97.19 72.3-2.35 6.21-8 9.98-14.59 9.98-11.11 0-45.46-27.67-55.25-34.35C0 439.62 37.93 512 128 512c75.86 0 128-43.77 128-120.19 0-3.11-.65-6.08-.97-9.13l-88.01-73.34zM457.89 0c-15.16 0-29.37 6.71-40.21 16.45C213.27 199.05 192 203.34 192 257.09c0 13.7 3.25 26.76 8.73 38.7l63.82 53.18c7.21 1.8 14.64 3.03 22.39 3.03 62.11 0 98.11-45.47 211.16-256.46 7.38-14.35 13.9-29.85 13.9-45.99C512 20.64 486 0 457.89 0z\"><\/path><\/svg>\t\t\t<\/span>\n\t\t\t\t\t\t\t\t\t<span class=\"elementor-button-text\">Procurar modelos de IPTV<\/span>\n\t\t\t\t\t<\/span>\n\t\t\t\t\t<\/a>\n\t\t\t\t<\/div>\n\t\t\t\t\t\t\t\t<\/div>\n\t\t\t\t<\/div>\n\t\t\t\t\t<\/div>\n\t\t\t\t<\/div>\n\t\t\t\t\t<\/div>\n\t\t\t\t<\/div>\n\t\t\t\t<\/div>","protected":false},"excerpt":{"rendered":"<p>Termos e Condi\u00e7\u00f5es Em iptvthemes.shop, n\u00e3o nos envolvemos na venda de produtos IPTV diretos em Marrocos ou em qualquer outro local. O nosso foco \u00e9 apenas a venda de modelos e designs de p\u00e1ginas de destino. N\u00f3s n\u00e3o promovemos nem endossamos a venda de conte\u00fado n\u00e3o autorizado globalmente. Os compradores dos nossos produtos assumem total controlo e responsabilidade pela forma como utilizam os nossos modelos e designs. Se perder o acesso ou extraviar qualquer produto comprado no nosso s\u00edtio Web, a IPTVTHEMES.SHOP n\u00e3o \u00e9 respons\u00e1vel pela perda. Nesses casos, ter\u00e1 de voltar a comprar o produto pelo seu pre\u00e7o total para obter outra c\u00f3pia da nossa parte. Voltar \u00e0 p\u00e1gina inicial Procurar modelos IPTV<\/p>","protected":false},"author":4,"featured_media":0,"parent":0,"menu_order":0,"comment_status":"closed","ping_status":"closed","template":"","meta":{"_monsterinsights_skip_tracking":false,"_monsterinsights_sitenote_active":false,"_monsterinsights_sitenote_note":"","_monsterinsights_sitenote_category":0,"site-sidebar-layout":"default","site-content-layout":"","ast-site-content-layout":"default","site-content-style":"default","site-sidebar-style":"default","ast-global-header-display":"disabled","ast-banner-title-visibility":"","ast-main-header-display":"","ast-hfb-above-header-display":"","ast-hfb-below-header-display":"","ast-hfb-mobile-header-display":"","site-post-title":"","ast-breadcrumbs-content":"","ast-featured-img":"","footer-sml-layout":"","ast-disable-related-posts":"","theme-transparent-header-meta":"default","adv-header-id-meta":"","stick-header-meta":"","header-above-stick-meta":"","header-main-stick-meta":"","header-below-stick-meta":"","astra-migrate-meta-layouts":"set","ast-page-background-enabled":"default","ast-page-background-meta":{"desktop":{"background-color":"var(--ast-global-color-4)","background-image":"","background-repeat":"repeat","background-position":"center center","background-size":"auto","background-attachment":"scroll","background-type":"","background-media":"","overlay-type":"","overlay-color":"","overlay-opacity":"","overlay-gradient":""},"tablet":{"background-color":"","background-image":"","background-repeat":"repeat","background-position":"center center","background-size":"auto","background-attachment":"scroll","background-type":"","background-media":"","overlay-type":"","overlay-color":"","overlay-opacity":"","overlay-gradient":""},"mobile":{"background-color":"","background-image":"","background-repeat":"repeat","background-position":"center center","background-size":"auto","background-attachment":"scroll","background-type":"","background-media":"","overlay-type":"","overlay-color":"","overlay-opacity":"","overlay-gradient":""}},"ast-content-background-meta":{"desktop":{"background-color":"var(--ast-global-color-5)","background-image":"","background-repeat":"repeat","background-position":"center center","background-size":"auto","background-attachment":"scroll","background-type":"","background-media":"","overlay-type":"","overlay-color":"","overlay-opacity":"","overlay-gradient":""},"tablet":{"background-color":"var(--ast-global-color-5)","background-image":"","background-repeat":"repeat","background-position":"center center","background-size":"auto","background-attachment":"scroll","background-type":"","background-media":"","overlay-type":"","overlay-color":"","overlay-opacity":"","overlay-gradient":""},"mobile":{"background-color":"var(--ast-global-color-5)","background-image":"","background-repeat":"repeat","background-position":"center center","background-size":"auto","background-attachment":"scroll","background-type":"","background-media":"","overlay-type":"","overlay-color":"","overlay-opacity":"","overlay-gradient":""}},"footnotes":""},"class_list":["post-2111","page","type-page","status-publish","hentry"],"yoast_head":"<!-- This site is optimized with the Yoast SEO plugin v27.3 - https:\/\/yoast.com\/product\/yoast-seo-wordpress\/ -->\n<title>terms &amp; conditions<\/title>\n<meta name=\"robots\" content=\"index, follow, max-snippet:-1, max-image-preview:large, max-video-preview:-1\" \/>\n<link rel=\"canonical\" href=\"https:\/\/iptvthemes.shop\/pt\/termos-e-condicoes\/\" \/>\n<meta property=\"og:locale\" content=\"pt_PT\" \/>\n<meta property=\"og:type\" content=\"article\" \/>\n<meta property=\"og:title\" content=\"terms &amp; conditions\" \/>\n<meta property=\"og:description\" content=\"Terms &#038; Conditions At iptvthemes.shop, we do not engage in the sale of direct IPTV products in Morocco or any other location. Our focus is solely on selling templates and landing page designs. We neither promote nor endorse the sale of unauthorized content globally. Purchasers of our products assume full control and responsibility for how they utilize our templates and designs. If you lose access to or misplace any product purchased from our website, IPTVTHEMES.SHOP is not liable for the loss. In such cases, you will need to repurchase the product at its full price to obtain another copy from us. Back to Homepage Browse IPTV Templates\" \/>\n<meta property=\"og:url\" content=\"https:\/\/iptvthemes.shop\/pt\/termos-e-condicoes\/\" \/>\n<meta property=\"og:site_name\" content=\"IPTV Templates | IPTV WordPress Templates\" \/>\n<meta property=\"article:modified_time\" content=\"2024-01-05T19:55:03+00:00\" \/>\n<meta name=\"twitter:card\" content=\"summary_large_image\" \/>\n<meta name=\"twitter:label1\" content=\"Tempo estimado de leitura\" \/>\n\t<meta name=\"twitter:data1\" content=\"1 minuto\" \/>\n<script type=\"application\/ld+json\" class=\"yoast-schema-graph\">{\"@context\":\"https:\\\/\\\/schema.org\",\"@graph\":[{\"@type\":\"WebPage\",\"@id\":\"https:\\\/\\\/iptvthemes.shop\\\/terms-and-conditions\\\/\",\"url\":\"https:\\\/\\\/iptvthemes.shop\\\/terms-and-conditions\\\/\",\"name\":\"terms & conditions\",\"isPartOf\":{\"@id\":\"https:\\\/\\\/iptvthemes.shop\\\/#website\"},\"datePublished\":\"2023-12-28T15:06:21+00:00\",\"dateModified\":\"2024-01-05T19:55:03+00:00\",\"breadcrumb\":{\"@id\":\"https:\\\/\\\/iptvthemes.shop\\\/terms-and-conditions\\\/#breadcrumb\"},\"inLanguage\":\"pt-PT\",\"potentialAction\":[{\"@type\":\"ReadAction\",\"target\":[\"https:\\\/\\\/iptvthemes.shop\\\/terms-and-conditions\\\/\"]}]},{\"@type\":\"BreadcrumbList\",\"@id\":\"https:\\\/\\\/iptvthemes.shop\\\/terms-and-conditions\\\/#breadcrumb\",\"itemListElement\":[{\"@type\":\"ListItem\",\"position\":1,\"name\":\"Home\",\"item\":\"https:\\\/\\\/iptvthemes.shop\\\/\"},{\"@type\":\"ListItem\",\"position\":2,\"name\":\"terms &#038; conditions\"}]},{\"@type\":\"WebSite\",\"@id\":\"https:\\\/\\\/iptvthemes.shop\\\/#website\",\"url\":\"https:\\\/\\\/iptvthemes.shop\\\/\",\"name\":\"IPTV Templates | IPTV WordPress Templates\",\"description\":\"\",\"publisher\":{\"@id\":\"https:\\\/\\\/iptvthemes.shop\\\/#organization\"},\"potentialAction\":[{\"@type\":\"SearchAction\",\"target\":{\"@type\":\"EntryPoint\",\"urlTemplate\":\"https:\\\/\\\/iptvthemes.shop\\\/?s={search_term_string}\"},\"query-input\":{\"@type\":\"PropertyValueSpecification\",\"valueRequired\":true,\"valueName\":\"search_term_string\"}}],\"inLanguage\":\"pt-PT\"},{\"@type\":\"Organization\",\"@id\":\"https:\\\/\\\/iptvthemes.shop\\\/#organization\",\"name\":\"IPTV Templates\",\"url\":\"https:\\\/\\\/iptvthemes.shop\\\/\",\"logo\":{\"@type\":\"ImageObject\",\"inLanguage\":\"pt-PT\",\"@id\":\"https:\\\/\\\/iptvthemes.shop\\\/#\\\/schema\\\/logo\\\/image\\\/\",\"url\":\"https:\\\/\\\/iptvthemes.shop\\\/wp-content\\\/uploads\\\/2023\\\/12\\\/LOGO.png\",\"contentUrl\":\"https:\\\/\\\/iptvthemes.shop\\\/wp-content\\\/uploads\\\/2023\\\/12\\\/LOGO.png\",\"width\":560,\"height\":160,\"caption\":\"IPTV Templates\"},\"image\":{\"@id\":\"https:\\\/\\\/iptvthemes.shop\\\/#\\\/schema\\\/logo\\\/image\\\/\"}}]}<\/script>\n<!-- \/ Yoast SEO plugin. -->","yoast_head_json":{"title":"termos e condi\u00e7\u00f5es","robots":{"index":"index","follow":"follow","max-snippet":"max-snippet:-1","max-image-preview":"max-image-preview:large","max-video-preview":"max-video-preview:-1"},"canonical":"https:\/\/iptvthemes.shop\/pt\/termos-e-condicoes\/","og_locale":"pt_PT","og_type":"article","og_title":"terms & conditions","og_description":"Terms &#038; Conditions At iptvthemes.shop, we do not engage in the sale of direct IPTV products in Morocco or any other location. Our focus is solely on selling templates and landing page designs. We neither promote nor endorse the sale of unauthorized content globally. Purchasers of our products assume full control and responsibility for how they utilize our templates and designs. If you lose access to or misplace any product purchased from our website, IPTVTHEMES.SHOP is not liable for the loss. In such cases, you will need to repurchase the product at its full price to obtain another copy from us. Back to Homepage Browse IPTV Templates","og_url":"https:\/\/iptvthemes.shop\/pt\/termos-e-condicoes\/","og_site_name":"IPTV Templates | IPTV WordPress Templates","article_modified_time":"2024-01-05T19:55:03+00:00","twitter_card":"summary_large_image","twitter_misc":{"Tempo estimado de leitura":"1 minuto"},"schema":{"@context":"https:\/\/schema.org","@graph":[{"@type":"WebPage","@id":"https:\/\/iptvthemes.shop\/terms-and-conditions\/","url":"https:\/\/iptvthemes.shop\/terms-and-conditions\/","name":"termos e condi\u00e7\u00f5es","isPartOf":{"@id":"https:\/\/iptvthemes.shop\/#website"},"datePublished":"2023-12-28T15:06:21+00:00","dateModified":"2024-01-05T19:55:03+00:00","breadcrumb":{"@id":"https:\/\/iptvthemes.shop\/terms-and-conditions\/#breadcrumb"},"inLanguage":"pt-PT","potentialAction":[{"@type":"ReadAction","target":["https:\/\/iptvthemes.shop\/terms-and-conditions\/"]}]},{"@type":"BreadcrumbList","@id":"https:\/\/iptvthemes.shop\/terms-and-conditions\/#breadcrumb","itemListElement":[{"@type":"ListItem","position":1,"name":"Home","item":"https:\/\/iptvthemes.shop\/"},{"@type":"ListItem","position":2,"name":"terms &#038; conditions"}]},{"@type":"WebSite","@id":"https:\/\/iptvthemes.shop\/#website","url":"https:\/\/iptvthemes.shop\/","name":"IPTV Templates | IPTV WordPress Templates","description":"","publisher":{"@id":"https:\/\/iptvthemes.shop\/#organization"},"potentialAction":[{"@type":"SearchAction","target":{"@type":"EntryPoint","urlTemplate":"https:\/\/iptvthemes.shop\/?s={search_term_string}"},"query-input":{"@type":"PropertyValueSpecification","valueRequired":true,"valueName":"search_term_string"}}],"inLanguage":"pt-PT"},{"@type":"Organization","@id":"https:\/\/iptvthemes.shop\/#organization","name":"Modelos de IPTV","url":"https:\/\/iptvthemes.shop\/","logo":{"@type":"ImageObject","inLanguage":"pt-PT","@id":"https:\/\/iptvthemes.shop\/#\/schema\/logo\/image\/","url":"https:\/\/iptvthemes.shop\/wp-content\/uploads\/2023\/12\/LOGO.png","contentUrl":"https:\/\/iptvthemes.shop\/wp-content\/uploads\/2023\/12\/LOGO.png","width":560,"height":160,"caption":"IPTV Templates"},"image":{"@id":"https:\/\/iptvthemes.shop\/#\/schema\/logo\/image\/"}}]}},"_links":{"self":[{"href":"https:\/\/iptvthemes.shop\/pt\/wp-json\/wp\/v2\/pages\/2111","targetHints":{"allow":["GET"]}}],"collection":[{"href":"https:\/\/iptvthemes.shop\/pt\/wp-json\/wp\/v2\/pages"}],"about":[{"href":"https:\/\/iptvthemes.shop\/pt\/wp-json\/wp\/v2\/types\/page"}],"author":[{"embeddable":true,"href":"https:\/\/iptvthemes.shop\/pt\/wp-json\/wp\/v2\/users\/4"}],"replies":[{"embeddable":true,"href":"https:\/\/iptvthemes.shop\/pt\/wp-json\/wp\/v2\/comments?post=2111"}],"version-history":[{"count":10,"href":"https:\/\/iptvthemes.shop\/pt\/wp-json\/wp\/v2\/pages\/2111\/revisions"}],"predecessor-version":[{"id":2979,"href":"https:\/\/iptvthemes.shop\/pt\/wp-json\/wp\/v2\/pages\/2111\/revisions\/2979"}],"wp:attachment":[{"href":"https:\/\/iptvthemes.shop\/pt\/wp-json\/wp\/v2\/media?parent=2111"}],"curies":[{"name":"wp","href":"https:\/\/api.w.org\/{rel}","templated":true}]}}