{"id":2082,"date":"2023-12-28T14:43:21","date_gmt":"2023-12-28T14:43:21","guid":{"rendered":"https:\/\/iptvthemes.shop\/?page_id=2082"},"modified":"2024-08-16T21:48:40","modified_gmt":"2024-08-16T21:48:40","slug":"i%cc%87ade-poli%cc%87ti%cc%87kasi","status":"publish","type":"page","link":"https:\/\/iptvthemes.shop\/tr\/i%cc%87ade-poli%cc%87ti%cc%87kasi\/","title":{"rendered":"Para \u0130adesi Politikas\u0131"},"content":{"rendered":"<div data-elementor-type=\"wp-page\" data-elementor-id=\"2082\" class=\"elementor elementor-2082\">\n\t\t\t\t<div class=\"has_eae_slider elementor-element elementor-element-7747d7e0 e-flex e-con-boxed wpr-particle-no wpr-jarallax-no wpr-parallax-no wpr-sticky-section-no e-con e-parent\" data-eae-slider=\"53057\" data-id=\"7747d7e0\" data-element_type=\"container\" data-e-type=\"container\">\n\t\t\t\t\t<div class=\"e-con-inner\">\n\t\t\t\t<div class=\"elementor-element elementor-element-6dc382e elementor-widget elementor-widget-heading\" data-id=\"6dc382e\" data-element_type=\"widget\" data-e-type=\"widget\" data-widget_type=\"heading.default\">\n\t\t\t\t<div class=\"elementor-widget-container\">\n\t\t\t\t\t<h2 class=\"elementor-heading-title elementor-size-default\">Para \u0130adesi Politikas\u0131<\/h2>\t\t\t\t<\/div>\n\t\t\t\t<\/div>\n\t\t\t\t<div class=\"elementor-element elementor-element-8ba90a5 elementor-widget elementor-widget-text-editor\" data-id=\"8ba90a5\" data-element_type=\"widget\" data-e-type=\"widget\" data-widget_type=\"text-editor.default\">\n\t\t\t\t<div class=\"elementor-widget-container\">\n\t\t\t\t\t\t\t\t\t<p>\u015eablon indirmeleri, PDF'ler vb. gibi dijital \u00fcr\u00fcnlerin sat\u0131n al\u0131nmas\u0131 belirli h\u00fck\u00fcm ve ko\u015fullara tabidir. M\u00fc\u015fterilerin herhangi bir sat\u0131n alma i\u015flemine ba\u015flamadan \u00f6nce bu \u015fartlar\u0131 iyice incelemeleri tavsiye edilir.<\/p><p>Bas\u0131l\u0131 materyaller, kaynak materyaller, \u015fablonlar veya \u00e7evrimi\u00e7i olarak t\u00fcketebilece\u011finiz herhangi bir i\u00e7erik dahil olmak \u00fczere maddi olmayan \u00fcr\u00fcnleri i\u00e7eren her sat\u0131n alma i\u015flemi PayPal, Stripe veya do\u011frudan banka havaleleri gibi \u00f6deme a\u011f ge\u00e7itleri arac\u0131l\u0131\u011f\u0131yla ger\u00e7ekle\u015ftirilir. Bu a\u011f ge\u00e7itleri, i\u015flem s\u0131ras\u0131nda bilgilerinizi saklamadan, farkl\u0131 \u00fclkelerdeki \u00e7e\u015fitli kredi ve banka kartlar\u0131n\u0131n g\u00fcvenli ve emniyetli bir \u015fekilde kullan\u0131lmas\u0131n\u0131 sa\u011flar.<\/p><p>Sat\u0131n ald\u0131\u011f\u0131n\u0131z \u00fcr\u00fcnler dijital \u00fcr\u00fcnler oldu\u011fundan, indirildiklerinde veya eri\u015fildiklerinde \"kullan\u0131lm\u0131\u015f\" olarak kabul edilirler. iptvthemes.shop adresinden yap\u0131lan t\u00fcm sat\u0131n al\u0131mlar <strong>FINAL (PARA IADESINE IZIN VERILMEZ)<\/strong>. Bu sitede sunulan \u00fcr\u00fcnlerin soyut niteli\u011fi g\u00f6z \u00f6n\u00fcne al\u0131nd\u0131\u011f\u0131nda.<\/p><p>Sat\u0131n alma i\u015fleminizden sonra dijital \u00fcr\u00fcn\u00fcn ba\u011flant\u0131s\u0131n\u0131 alamaman\u0131z durumunda, l\u00fctfen i\u015flem veya \u00f6deme bilgilerinizle birlikte derhal bize ula\u015f\u0131n, b\u00f6ylece \u00fcr\u00fcn\u00fcn\u00fcz\u00fcn size en k\u0131sa s\u00fcrede teslim edilmesini sa\u011flayabiliriz.<\/p>\t\t\t\t\t\t\t\t<\/div>\n\t\t\t\t<\/div>\n\t\t\t\t\t<\/div>\n\t\t\t\t<\/div>\n\t\t<div class=\"has_eae_slider elementor-element elementor-element-92bd68e e-flex e-con-boxed wpr-particle-no wpr-jarallax-no wpr-parallax-no wpr-sticky-section-no e-con e-parent\" data-eae-slider=\"90006\" data-id=\"92bd68e\" data-element_type=\"container\" data-e-type=\"container\">\n\t\t\t\t\t<div class=\"e-con-inner\">\n\t\t<div class=\"has_eae_slider elementor-element elementor-element-f91ebd8 e-flex e-con-boxed wpr-particle-no wpr-jarallax-no wpr-parallax-no wpr-sticky-section-no e-con e-child\" data-eae-slider=\"42053\" data-id=\"f91ebd8\" data-element_type=\"container\" data-e-type=\"container\">\n\t\t\t\t\t<div class=\"e-con-inner\">\n\t\t\t\t<div class=\"elementor-element elementor-element-5522444 elementor-align-right elementor-mobile-align-center elementor-widget elementor-widget-button\" data-id=\"5522444\" data-element_type=\"widget\" data-e-type=\"widget\" data-widget_type=\"button.default\">\n\t\t\t\t<div class=\"elementor-widget-container\">\n\t\t\t\t\t\t\t\t\t<div class=\"elementor-button-wrapper\">\n\t\t\t\t\t<a class=\"elementor-button elementor-button-link elementor-size-sm\" href=\"https:\/\/iptvthemes.shop\/tr\/\">\n\t\t\t\t\t\t<span class=\"elementor-button-content-wrapper\">\n\t\t\t\t\t\t<span class=\"elementor-button-icon\">\n\t\t\t\t<svg aria-hidden=\"true\" class=\"e-font-icon-svg e-fas-home\" viewbox=\"0 0 576 512\" xmlns=\"http:\/\/www.w3.org\/2000\/svg\"><path d=\"M280.37 148.26L96 300.11V464a16 16 0 0 0 16 16l112.06-.29a16 16 0 0 0 15.92-16V368a16 16 0 0 1 16-16h64a16 16 0 0 1 16 16v95.64a16 16 0 0 0 16 16.05L464 480a16 16 0 0 0 16-16V300L295.67 148.26a12.19 12.19 0 0 0-15.3 0zM571.6 251.47L488 182.56V44.05a12 12 0 0 0-12-12h-56a12 12 0 0 0-12 12v72.61L318.47 43a48 48 0 0 0-61 0L4.34 251.47a12 12 0 0 0-1.6 16.9l25.5 31A12 12 0 0 0 45.15 301l235.22-193.74a12.19 12.19 0 0 1 15.3 0L530.9 301a12 12 0 0 0 16.9-1.6l25.5-31a12 12 0 0 0-1.7-16.93z\"><\/path><\/svg>\t\t\t<\/span>\n\t\t\t\t\t\t\t\t\t<span class=\"elementor-button-text\">Ana Sayfaya Geri D\u00f6n<\/span>\n\t\t\t\t\t<\/span>\n\t\t\t\t\t<\/a>\n\t\t\t\t<\/div>\n\t\t\t\t\t\t\t\t<\/div>\n\t\t\t\t<\/div>\n\t\t\t\t\t<\/div>\n\t\t\t\t<\/div>\n\t\t<div class=\"has_eae_slider elementor-element elementor-element-593e5b5 e-flex e-con-boxed wpr-particle-no wpr-jarallax-no wpr-parallax-no wpr-sticky-section-no e-con e-child\" data-eae-slider=\"74896\" data-id=\"593e5b5\" data-element_type=\"container\" data-e-type=\"container\">\n\t\t\t\t\t<div class=\"e-con-inner\">\n\t\t\t\t<div class=\"elementor-element elementor-element-4ce54af elementor-align-center elementor-widget elementor-widget-button\" data-id=\"4ce54af\" data-element_type=\"widget\" data-e-type=\"widget\" data-widget_type=\"button.default\">\n\t\t\t\t<div class=\"elementor-widget-container\">\n\t\t\t\t\t\t\t\t\t<div class=\"elementor-button-wrapper\">\n\t\t\t\t\t<a class=\"elementor-button elementor-button-link elementor-size-sm\" href=\"https:\/\/iptvthemes.shop\/tr\/iptv-wordpress-sablonlari\/\">\n\t\t\t\t\t\t<span class=\"elementor-button-content-wrapper\">\n\t\t\t\t\t\t<span class=\"elementor-button-icon\">\n\t\t\t\t<svg aria-hidden=\"true\" class=\"e-font-icon-svg e-fas-paint-brush\" viewbox=\"0 0 512 512\" xmlns=\"http:\/\/www.w3.org\/2000\/svg\"><path d=\"M167.02 309.34c-40.12 2.58-76.53 17.86-97.19 72.3-2.35 6.21-8 9.98-14.59 9.98-11.11 0-45.46-27.67-55.25-34.35C0 439.62 37.93 512 128 512c75.86 0 128-43.77 128-120.19 0-3.11-.65-6.08-.97-9.13l-88.01-73.34zM457.89 0c-15.16 0-29.37 6.71-40.21 16.45C213.27 199.05 192 203.34 192 257.09c0 13.7 3.25 26.76 8.73 38.7l63.82 53.18c7.21 1.8 14.64 3.03 22.39 3.03 62.11 0 98.11-45.47 211.16-256.46 7.38-14.35 13.9-29.85 13.9-45.99C512 20.64 486 0 457.89 0z\"><\/path><\/svg>\t\t\t<\/span>\n\t\t\t\t\t\t\t\t\t<span class=\"elementor-button-text\">IPTV \u015eablonlar\u0131na G\u00f6zat<\/span>\n\t\t\t\t\t<\/span>\n\t\t\t\t\t<\/a>\n\t\t\t\t<\/div>\n\t\t\t\t\t\t\t\t<\/div>\n\t\t\t\t<\/div>\n\t\t\t\t\t<\/div>\n\t\t\t\t<\/div>\n\t\t\t\t\t<\/div>\n\t\t\t\t<\/div>\n\t\t\t\t<\/div>","protected":false},"excerpt":{"rendered":"<p>\u0130ade Politikas\u0131 \u015eablon indirmeleri, PDF'ler vb. gibi dijital \u00fcr\u00fcnlerin sat\u0131n al\u0131nmas\u0131 belirli h\u00fck\u00fcm ve ko\u015fullara tabidir. M\u00fc\u015fterilerin herhangi bir sat\u0131n alma i\u015flemine ba\u015flamadan \u00f6nce bu \u015fartlar\u0131 iyice incelemeleri tavsiye edilir. Yazd\u0131r\u0131labilir materyaller, kaynak materyaller, \u015fablonlar veya \u00e7evrimi\u00e7i olarak t\u00fcketebilece\u011finiz herhangi bir i\u00e7erik dahil olmak \u00fczere maddi olmayan \u00fcr\u00fcnleri i\u00e7eren her sat\u0131n alma i\u015flemi PayPal, Stripe veya do\u011frudan banka havaleleri gibi \u00f6deme a\u011f ge\u00e7itleri arac\u0131l\u0131\u011f\u0131yla ger\u00e7ekle\u015ftirilir. Bu a\u011f ge\u00e7itleri, i\u015flem s\u0131ras\u0131nda bilgilerinizi saklamadan, farkl\u0131 \u00fclkelerdeki \u00e7e\u015fitli kredi ve banka kartlar\u0131n\u0131n g\u00fcvenli ve emniyetli bir \u015fekilde kullan\u0131lmas\u0131n\u0131 sa\u011flar. Sat\u0131n ald\u0131\u011f\u0131n\u0131z \u00fcr\u00fcnler dijital \u00fcr\u00fcnler oldu\u011fundan, indirildiklerinde veya eri\u015fildiklerinde \"kullan\u0131lm\u0131\u015f\" say\u0131l\u0131rlar. iptvthemes.shop adresinden yap\u0131lan t\u00fcm sat\u0131n al\u0131mlar N\u0130HA\u0130D\u0130R (\u0130ADELERE \u0130Z\u0130N VER\u0130LMEMEKTED\u0130R). Bu sitede sunulan \u00fcr\u00fcnlerin maddi olmayan do\u011fas\u0131 g\u00f6z \u00f6n\u00fcne al\u0131nd\u0131\u011f\u0131nda. Sat\u0131n alma i\u015fleminizden sonra dijital \u00fcr\u00fcn\u00fcn ba\u011flant\u0131s\u0131n\u0131 alamaman\u0131z durumunda, l\u00fctfen i\u015flem veya \u00f6deme bilgilerinizle birlikte derhal bize ula\u015f\u0131n, b\u00f6ylece \u00fcr\u00fcn\u00fcn\u00fcz\u00fcn size en k\u0131sa s\u00fcrede teslim edilmesini sa\u011flayabiliriz. Ana Sayfaya Geri D\u00f6n IPTV \u015eablonlar\u0131na G\u00f6zat<\/p>","protected":false},"author":4,"featured_media":0,"parent":0,"menu_order":0,"comment_status":"closed","ping_status":"closed","template":"","meta":{"_monsterinsights_skip_tracking":false,"_monsterinsights_sitenote_active":false,"_monsterinsights_sitenote_note":"","_monsterinsights_sitenote_category":0,"site-sidebar-layout":"default","site-content-layout":"","ast-site-content-layout":"default","site-content-style":"default","site-sidebar-style":"default","ast-global-header-display":"disabled","ast-banner-title-visibility":"","ast-main-header-display":"","ast-hfb-above-header-display":"","ast-hfb-below-header-display":"","ast-hfb-mobile-header-display":"","site-post-title":"","ast-breadcrumbs-content":"","ast-featured-img":"","footer-sml-layout":"","ast-disable-related-posts":"","theme-transparent-header-meta":"default","adv-header-id-meta":"","stick-header-meta":"","header-above-stick-meta":"","header-main-stick-meta":"","header-below-stick-meta":"","astra-migrate-meta-layouts":"set","ast-page-background-enabled":"default","ast-page-background-meta":{"desktop":{"background-color":"var(--ast-global-color-4)","background-image":"","background-repeat":"repeat","background-position":"center center","background-size":"auto","background-attachment":"scroll","background-type":"","background-media":"","overlay-type":"","overlay-color":"","overlay-opacity":"","overlay-gradient":""},"tablet":{"background-color":"","background-image":"","background-repeat":"repeat","background-position":"center center","background-size":"auto","background-attachment":"scroll","background-type":"","background-media":"","overlay-type":"","overlay-color":"","overlay-opacity":"","overlay-gradient":""},"mobile":{"background-color":"","background-image":"","background-repeat":"repeat","background-position":"center center","background-size":"auto","background-attachment":"scroll","background-type":"","background-media":"","overlay-type":"","overlay-color":"","overlay-opacity":"","overlay-gradient":""}},"ast-content-background-meta":{"desktop":{"background-color":"var(--ast-global-color-5)","background-image":"","background-repeat":"repeat","background-position":"center center","background-size":"auto","background-attachment":"scroll","background-type":"","background-media":"","overlay-type":"","overlay-color":"","overlay-opacity":"","overlay-gradient":""},"tablet":{"background-color":"var(--ast-global-color-5)","background-image":"","background-repeat":"repeat","background-position":"center center","background-size":"auto","background-attachment":"scroll","background-type":"","background-media":"","overlay-type":"","overlay-color":"","overlay-opacity":"","overlay-gradient":""},"mobile":{"background-color":"var(--ast-global-color-5)","background-image":"","background-repeat":"repeat","background-position":"center center","background-size":"auto","background-attachment":"scroll","background-type":"","background-media":"","overlay-type":"","overlay-color":"","overlay-opacity":"","overlay-gradient":""}},"footnotes":""},"class_list":["post-2082","page","type-page","status-publish","hentry"],"yoast_head":"<!-- This site is optimized with the Yoast SEO plugin v27.3 - https:\/\/yoast.com\/product\/yoast-seo-wordpress\/ -->\n<title>Refund Policy<\/title>\n<meta name=\"robots\" content=\"index, follow, max-snippet:-1, max-image-preview:large, max-video-preview:-1\" \/>\n<link rel=\"canonical\" href=\"https:\/\/iptvthemes.shop\/tr\/i\u0307ade-poli\u0307ti\u0307kasi\/\" \/>\n<meta property=\"og:locale\" content=\"tr_TR\" \/>\n<meta property=\"og:type\" content=\"article\" \/>\n<meta property=\"og:title\" content=\"Refund Policy\" \/>\n<meta property=\"og:description\" content=\"Refund Policy The purchase of digital goods, such as template downloads, PDFs, etc, is governed by specific terms and conditions. It is recommended that customers thoroughly examine these terms before proceeding with any purchase. Every purchase involving intangible products, including printables, resource materials, templates, or any content that you can consume online, is processed via payment gateways like PayPal, Stripe, or direct bank transfers. These gateways ensure the safe and secure use of various credit and debit cards across different countries, without storing your details during the transaction. As the items you buy are digital products, they are considered \u201cused\u201d once downloaded or accessed. All purchases on iptvthemes.shop are FINAL (REFUNDS ARE NOT ALLOWED). Given the intangible nature of the products offered on this site. In case you don\u2019t receive the link for the digital product after your purchase, please promptly reach out to us with your transaction or payment information, so we can make sure your product is delivered to you at the earliest opportunity. Back to Homepage Browse IPTV Templates\" \/>\n<meta property=\"og:url\" content=\"https:\/\/iptvthemes.shop\/tr\/i\u0307ade-poli\u0307ti\u0307kasi\/\" \/>\n<meta property=\"og:site_name\" content=\"IPTV Templates | IPTV WordPress Templates\" \/>\n<meta property=\"article:modified_time\" content=\"2024-08-16T21:48:40+00:00\" \/>\n<meta name=\"twitter:card\" content=\"summary_large_image\" \/>\n<meta name=\"twitter:label1\" content=\"Tahmini okuma s\u00fcresi\" \/>\n\t<meta name=\"twitter:data1\" content=\"1 dakika\" \/>\n<script type=\"application\/ld+json\" class=\"yoast-schema-graph\">{\"@context\":\"https:\\\/\\\/schema.org\",\"@graph\":[{\"@type\":\"WebPage\",\"@id\":\"https:\\\/\\\/iptvthemes.shop\\\/refund-policy\\\/\",\"url\":\"https:\\\/\\\/iptvthemes.shop\\\/refund-policy\\\/\",\"name\":\"Refund Policy\",\"isPartOf\":{\"@id\":\"https:\\\/\\\/iptvthemes.shop\\\/#website\"},\"datePublished\":\"2023-12-28T14:43:21+00:00\",\"dateModified\":\"2024-08-16T21:48:40+00:00\",\"breadcrumb\":{\"@id\":\"https:\\\/\\\/iptvthemes.shop\\\/refund-policy\\\/#breadcrumb\"},\"inLanguage\":\"tr\",\"potentialAction\":[{\"@type\":\"ReadAction\",\"target\":[\"https:\\\/\\\/iptvthemes.shop\\\/refund-policy\\\/\"]}]},{\"@type\":\"BreadcrumbList\",\"@id\":\"https:\\\/\\\/iptvthemes.shop\\\/refund-policy\\\/#breadcrumb\",\"itemListElement\":[{\"@type\":\"ListItem\",\"position\":1,\"name\":\"Home\",\"item\":\"https:\\\/\\\/iptvthemes.shop\\\/\"},{\"@type\":\"ListItem\",\"position\":2,\"name\":\"Refund Policy\"}]},{\"@type\":\"WebSite\",\"@id\":\"https:\\\/\\\/iptvthemes.shop\\\/#website\",\"url\":\"https:\\\/\\\/iptvthemes.shop\\\/\",\"name\":\"IPTV Templates | IPTV WordPress Templates\",\"description\":\"\",\"publisher\":{\"@id\":\"https:\\\/\\\/iptvthemes.shop\\\/#organization\"},\"potentialAction\":[{\"@type\":\"SearchAction\",\"target\":{\"@type\":\"EntryPoint\",\"urlTemplate\":\"https:\\\/\\\/iptvthemes.shop\\\/?s={search_term_string}\"},\"query-input\":{\"@type\":\"PropertyValueSpecification\",\"valueRequired\":true,\"valueName\":\"search_term_string\"}}],\"inLanguage\":\"tr\"},{\"@type\":\"Organization\",\"@id\":\"https:\\\/\\\/iptvthemes.shop\\\/#organization\",\"name\":\"IPTV Templates\",\"url\":\"https:\\\/\\\/iptvthemes.shop\\\/\",\"logo\":{\"@type\":\"ImageObject\",\"inLanguage\":\"tr\",\"@id\":\"https:\\\/\\\/iptvthemes.shop\\\/#\\\/schema\\\/logo\\\/image\\\/\",\"url\":\"https:\\\/\\\/iptvthemes.shop\\\/wp-content\\\/uploads\\\/2023\\\/12\\\/LOGO.png\",\"contentUrl\":\"https:\\\/\\\/iptvthemes.shop\\\/wp-content\\\/uploads\\\/2023\\\/12\\\/LOGO.png\",\"width\":560,\"height\":160,\"caption\":\"IPTV Templates\"},\"image\":{\"@id\":\"https:\\\/\\\/iptvthemes.shop\\\/#\\\/schema\\\/logo\\\/image\\\/\"}}]}<\/script>\n<!-- \/ Yoast SEO plugin. -->","yoast_head_json":{"title":"Para \u0130adesi Politikas\u0131","robots":{"index":"index","follow":"follow","max-snippet":"max-snippet:-1","max-image-preview":"max-image-preview:large","max-video-preview":"max-video-preview:-1"},"canonical":"https:\/\/iptvthemes.shop\/tr\/i\u0307ade-poli\u0307ti\u0307kasi\/","og_locale":"tr_TR","og_type":"article","og_title":"Refund Policy","og_description":"Refund Policy The purchase of digital goods, such as template downloads, PDFs, etc, is governed by specific terms and conditions. It is recommended that customers thoroughly examine these terms before proceeding with any purchase. Every purchase involving intangible products, including printables, resource materials, templates, or any content that you can consume online, is processed via payment gateways like PayPal, Stripe, or direct bank transfers. These gateways ensure the safe and secure use of various credit and debit cards across different countries, without storing your details during the transaction. As the items you buy are digital products, they are considered \u201cused\u201d once downloaded or accessed. All purchases on iptvthemes.shop are FINAL (REFUNDS ARE NOT ALLOWED). Given the intangible nature of the products offered on this site. In case you don\u2019t receive the link for the digital product after your purchase, please promptly reach out to us with your transaction or payment information, so we can make sure your product is delivered to you at the earliest opportunity. Back to Homepage Browse IPTV Templates","og_url":"https:\/\/iptvthemes.shop\/tr\/i\u0307ade-poli\u0307ti\u0307kasi\/","og_site_name":"IPTV Templates | IPTV WordPress Templates","article_modified_time":"2024-08-16T21:48:40+00:00","twitter_card":"summary_large_image","twitter_misc":{"Tahmini okuma s\u00fcresi":"1 dakika"},"schema":{"@context":"https:\/\/schema.org","@graph":[{"@type":"WebPage","@id":"https:\/\/iptvthemes.shop\/refund-policy\/","url":"https:\/\/iptvthemes.shop\/refund-policy\/","name":"Para \u0130adesi Politikas\u0131","isPartOf":{"@id":"https:\/\/iptvthemes.shop\/#website"},"datePublished":"2023-12-28T14:43:21+00:00","dateModified":"2024-08-16T21:48:40+00:00","breadcrumb":{"@id":"https:\/\/iptvthemes.shop\/refund-policy\/#breadcrumb"},"inLanguage":"tr","potentialAction":[{"@type":"ReadAction","target":["https:\/\/iptvthemes.shop\/refund-policy\/"]}]},{"@type":"BreadcrumbList","@id":"https:\/\/iptvthemes.shop\/refund-policy\/#breadcrumb","itemListElement":[{"@type":"ListItem","position":1,"name":"Home","item":"https:\/\/iptvthemes.shop\/"},{"@type":"ListItem","position":2,"name":"Refund Policy"}]},{"@type":"WebSite","@id":"https:\/\/iptvthemes.shop\/#website","url":"https:\/\/iptvthemes.shop\/","name":"IPTV \u015eablonlar\u0131 | IPTV WordPress \u015eablonlar\u0131","description":"","publisher":{"@id":"https:\/\/iptvthemes.shop\/#organization"},"potentialAction":[{"@type":"SearchAction","target":{"@type":"EntryPoint","urlTemplate":"https:\/\/iptvthemes.shop\/?s={search_term_string}"},"query-input":{"@type":"PropertyValueSpecification","valueRequired":true,"valueName":"search_term_string"}}],"inLanguage":"tr"},{"@type":"Organization","@id":"https:\/\/iptvthemes.shop\/#organization","name":"IPTV \u015eablonlar\u0131","url":"https:\/\/iptvthemes.shop\/","logo":{"@type":"ImageObject","inLanguage":"tr","@id":"https:\/\/iptvthemes.shop\/#\/schema\/logo\/image\/","url":"https:\/\/iptvthemes.shop\/wp-content\/uploads\/2023\/12\/LOGO.png","contentUrl":"https:\/\/iptvthemes.shop\/wp-content\/uploads\/2023\/12\/LOGO.png","width":560,"height":160,"caption":"IPTV Templates"},"image":{"@id":"https:\/\/iptvthemes.shop\/#\/schema\/logo\/image\/"}}]}},"_links":{"self":[{"href":"https:\/\/iptvthemes.shop\/tr\/wp-json\/wp\/v2\/pages\/2082","targetHints":{"allow":["GET"]}}],"collection":[{"href":"https:\/\/iptvthemes.shop\/tr\/wp-json\/wp\/v2\/pages"}],"about":[{"href":"https:\/\/iptvthemes.shop\/tr\/wp-json\/wp\/v2\/types\/page"}],"author":[{"embeddable":true,"href":"https:\/\/iptvthemes.shop\/tr\/wp-json\/wp\/v2\/users\/4"}],"replies":[{"embeddable":true,"href":"https:\/\/iptvthemes.shop\/tr\/wp-json\/wp\/v2\/comments?post=2082"}],"version-history":[{"count":10,"href":"https:\/\/iptvthemes.shop\/tr\/wp-json\/wp\/v2\/pages\/2082\/revisions"}],"predecessor-version":[{"id":4773,"href":"https:\/\/iptvthemes.shop\/tr\/wp-json\/wp\/v2\/pages\/2082\/revisions\/4773"}],"wp:attachment":[{"href":"https:\/\/iptvthemes.shop\/tr\/wp-json\/wp\/v2\/media?parent=2082"}],"curies":[{"name":"wp","href":"https:\/\/api.w.org\/{rel}","templated":true}]}}