{"id":2207,"date":"2023-12-30T19:23:14","date_gmt":"2023-12-30T19:23:14","guid":{"rendered":"https:\/\/iptvthemes.shop\/?page_id=2207"},"modified":"2026-02-21T21:39:04","modified_gmt":"2026-02-21T21:39:04","slug":"kurulum-kilavuzu","status":"publish","type":"page","link":"https:\/\/iptvthemes.shop\/tr\/kurulum-kilavuzu\/","title":{"rendered":"Kurulum K\u0131lavuzu"},"content":{"rendered":"<div data-elementor-type=\"wp-page\" data-elementor-id=\"2207\" class=\"elementor elementor-2207\">\n\t\t\t\t<div class=\"has_eae_slider elementor-element elementor-element-7791d089 e-con-full e-flex wpr-particle-no wpr-jarallax-no wpr-parallax-no wpr-sticky-section-no wpr-equal-height-no e-con e-parent\" data-eae-slider=\"83441\" data-id=\"7791d089\" data-element_type=\"container\" data-e-type=\"container\" data-settings=\"{&quot;background_background&quot;:&quot;classic&quot;,&quot;shape_divider_bottom&quot;:&quot;mountains&quot;}\">\n\t\t\t\t<div class=\"elementor-shape elementor-shape-bottom\" aria-hidden=\"true\" data-negative=\"false\">\n\t\t\t<svg xmlns=\"http:\/\/www.w3.org\/2000\/svg\" viewbox=\"0 0 1000 100\" preserveaspectratio=\"none\">\n\t<path class=\"elementor-shape-fill\" opacity=\"0.33\" d=\"M473,67.3c-203.9,88.3-263.1-34-320.3,0C66,119.1,0,59.7,0,59.7V0h1000v59.7 c0,0-62.1,26.1-94.9,29.3c-32.8,3.3-62.8-12.3-75.8-22.1C806,49.6,745.3,8.7,694.9,4.7S492.4,59,473,67.3z\"\/>\n\t<path class=\"elementor-shape-fill\" opacity=\"0.66\" d=\"M734,67.3c-45.5,0-77.2-23.2-129.1-39.1c-28.6-8.7-150.3-10.1-254,39.1 s-91.7-34.4-149.2,0C115.7,118.3,0,39.8,0,39.8V0h1000v36.5c0,0-28.2-18.5-92.1-18.5C810.2,18.1,775.7,67.3,734,67.3z\"\/>\n\t<path class=\"elementor-shape-fill\" d=\"M766.1,28.9c-200-57.5-266,65.5-395.1,19.5C242,1.8,242,5.4,184.8,20.6C128,35.8,132.3,44.9,89.9,52.5C28.6,63.7,0,0,0,0 h1000c0,0-9.9,40.9-83.6,48.1S829.6,47,766.1,28.9z\"\/>\n<\/svg>\t\t<\/div>\n\t\t<div class=\"has_eae_slider elementor-element elementor-element-38aae766 e-flex e-con-boxed wpr-particle-no wpr-jarallax-no wpr-parallax-no wpr-sticky-section-no wpr-equal-height-no e-con e-child\" data-eae-slider=\"10885\" data-id=\"38aae766\" data-element_type=\"container\" data-e-type=\"container\">\n\t\t\t\t\t<div class=\"e-con-inner\">\n\t\t<div class=\"has_eae_slider elementor-element elementor-element-5f02ef62 e-flex e-con-boxed wpr-particle-no wpr-jarallax-no wpr-parallax-no wpr-sticky-section-no wpr-equal-height-no e-con e-child\" data-eae-slider=\"80197\" data-id=\"5f02ef62\" data-element_type=\"container\" data-e-type=\"container\">\n\t\t\t\t\t<div class=\"e-con-inner\">\n\t\t\t\t<div class=\"elementor-element elementor-element-1096fdea elementor-widget elementor-widget-heading\" data-id=\"1096fdea\" data-element_type=\"widget\" data-e-type=\"widget\" data-widget_type=\"heading.default\">\n\t\t\t\t<div class=\"elementor-widget-container\">\n\t\t\t\t\t<h1 class=\"elementor-heading-title elementor-size-default\">IPTV \u015eablonunuzu Y\u00fckleme ve D\u00fczenleme<\/h1>\t\t\t\t<\/div>\n\t\t\t\t<\/div>\n\t\t\t\t\t<\/div>\n\t\t\t\t<\/div>\n\t\t\t\t<div class=\"elementor-element elementor-element-a421bb1 elementor-widget elementor-widget-text-editor\" data-id=\"a421bb1\" data-element_type=\"widget\" data-e-type=\"widget\" data-widget_type=\"text-editor.default\">\n\t\t\t\t<div class=\"elementor-widget-container\">\n\t\t\t\t\t\t\t\t\t<p>Bu e\u011fitim videosu, IPTV \u015fablonunuzu sorunsuz bir \u015fekilde nas\u0131l kuraca\u011f\u0131n\u0131z ve d\u00fczenleyece\u011finiz konusunda kapsaml\u0131, ad\u0131m ad\u0131m bir k\u0131lavuz sa\u011flar. Yeni ba\u015flayanlar d\u00fc\u015f\u00fcn\u00fclerek tasarlanm\u0131\u015f olup, kolay takip ve uygulama i\u00e7in yap\u0131land\u0131r\u0131lm\u0131\u015ft\u0131r. Herhangi bir belirsizlikle kar\u015f\u0131la\u015f\u0131rsan\u0131z, daha net anlamak i\u00e7in b\u00f6l\u00fcmleri duraklatmaktan ve yeniden izlemekten \u00e7ekinmeyin. \u0130\u00e7iniz rahat olsun, s\u00fcre\u00e7 kullan\u0131c\u0131 dostudur ve bir\u00e7ok kullan\u0131c\u0131m\u0131z taraf\u0131ndan zorluk \u00e7ekmeden ba\u015far\u0131yla tamamlanm\u0131\u015ft\u0131r. Takip edin ve sorunsuz bir kurulum deneyimi ya\u015fay\u0131n!<\/p>\t\t\t\t\t\t\t\t<\/div>\n\t\t\t\t<\/div>\n\t\t\t\t\t<\/div>\n\t\t\t\t<\/div>\n\t\t\t\t<\/div>\n\t\t<div class=\"has_eae_slider elementor-element elementor-element-bc07bb5 e-flex e-con-boxed wpr-particle-no wpr-jarallax-no wpr-parallax-no wpr-sticky-section-no wpr-equal-height-no e-con e-parent\" data-eae-slider=\"23722\" data-id=\"bc07bb5\" data-element_type=\"container\" data-e-type=\"container\">\n\t\t\t\t\t<div class=\"e-con-inner\">\n\t\t\t\t<div class=\"elementor-element elementor-element-e737284 elementor-widget elementor-widget-video\" data-id=\"e737284\" data-element_type=\"widget\" data-e-type=\"widget\" data-settings=\"{&quot;video_type&quot;:&quot;hosted&quot;,&quot;controls&quot;:&quot;yes&quot;}\" data-widget_type=\"video.default\">\n\t\t\t\t<div class=\"elementor-widget-container\">\n\t\t\t\t\t\t\t<div class=\"e-hosted-video elementor-wrapper elementor-open-inline\">\n\t\t\t\t\t<video class=\"elementor-video\" src=\"https:\/\/iptvthemes.shop\/wp-content\/uploads\/2024\/09\/iptv-template-setup-guide.mp4\" controls=\"\" preload=\"metadata\" controlslist=\"nodownload\"><\/video>\n\t\t\t\t<\/div>\n\t\t\t\t\t\t<\/div>\n\t\t\t\t<\/div>\n\t\t\t\t\t<\/div>\n\t\t\t\t<\/div>\n\t\t\t\t<\/div>","protected":false},"excerpt":{"rendered":"<p>IPTV \u015eablonunuzu Y\u00fckleme ve D\u00fczenleme Bu e\u011fitim videosu, IPTV \u015fablonunuzu sorunsuz bir \u015fekilde nas\u0131l y\u00fckleyece\u011finiz ve d\u00fczenleyece\u011finiz konusunda kapsaml\u0131, ad\u0131m ad\u0131m bir k\u0131lavuz sa\u011flar. Yeni ba\u015flayanlar d\u00fc\u015f\u00fcn\u00fclerek tasarlanm\u0131\u015f olup, kolay takip ve uygulama i\u00e7in yap\u0131land\u0131r\u0131lm\u0131\u015ft\u0131r. Herhangi bir belirsizlikle kar\u015f\u0131la\u015f\u0131rsan\u0131z, daha net anlamak i\u00e7in b\u00f6l\u00fcmleri duraklatmaktan ve yeniden izlemekten \u00e7ekinmeyin. \u0130\u00e7iniz rahat olsun, s\u00fcre\u00e7 kullan\u0131c\u0131 dostudur ve bir\u00e7ok kullan\u0131c\u0131m\u0131z taraf\u0131ndan zorluk \u00e7ekmeden ba\u015far\u0131yla tamamlanm\u0131\u015ft\u0131r. Takip edin ve sorunsuz bir kurulum deneyimi ya\u015fay\u0131n! https:\/\/iptvthemes.shop\/wp-content\/uploads\/2024\/09\/iptv-template-setup-guide.mp4<\/p>","protected":false},"author":4,"featured_media":0,"parent":0,"menu_order":0,"comment_status":"closed","ping_status":"closed","template":"","meta":{"_monsterinsights_skip_tracking":false,"_monsterinsights_sitenote_active":false,"_monsterinsights_sitenote_note":"","_monsterinsights_sitenote_category":0,"site-sidebar-layout":"no-sidebar","site-content-layout":"","ast-site-content-layout":"full-width-container","site-content-style":"default","site-sidebar-style":"default","ast-global-header-display":"","ast-banner-title-visibility":"","ast-main-header-display":"","ast-hfb-above-header-display":"","ast-hfb-below-header-display":"","ast-hfb-mobile-header-display":"","site-post-title":"disabled","ast-breadcrumbs-content":"","ast-featured-img":"disabled","footer-sml-layout":"","ast-disable-related-posts":"","theme-transparent-header-meta":"default","adv-header-id-meta":"","stick-header-meta":"","header-above-stick-meta":"","header-main-stick-meta":"","header-below-stick-meta":"","astra-migrate-meta-layouts":"set","ast-page-background-enabled":"default","ast-page-background-meta":{"desktop":{"background-color":"var(--ast-global-color-4)","background-image":"","background-repeat":"repeat","background-position":"center center","background-size":"auto","background-attachment":"scroll","background-type":"","background-media":"","overlay-type":"","overlay-color":"","overlay-opacity":"","overlay-gradient":""},"tablet":{"background-color":"","background-image":"","background-repeat":"repeat","background-position":"center center","background-size":"auto","background-attachment":"scroll","background-type":"","background-media":"","overlay-type":"","overlay-color":"","overlay-opacity":"","overlay-gradient":""},"mobile":{"background-color":"","background-image":"","background-repeat":"repeat","background-position":"center center","background-size":"auto","background-attachment":"scroll","background-type":"","background-media":"","overlay-type":"","overlay-color":"","overlay-opacity":"","overlay-gradient":""}},"ast-content-background-meta":{"desktop":{"background-color":"var(--ast-global-color-5)","background-image":"","background-repeat":"repeat","background-position":"center center","background-size":"auto","background-attachment":"scroll","background-type":"","background-media":"","overlay-type":"","overlay-color":"","overlay-opacity":"","overlay-gradient":""},"tablet":{"background-color":"var(--ast-global-color-5)","background-image":"","background-repeat":"repeat","background-position":"center center","background-size":"auto","background-attachment":"scroll","background-type":"","background-media":"","overlay-type":"","overlay-color":"","overlay-opacity":"","overlay-gradient":""},"mobile":{"background-color":"var(--ast-global-color-5)","background-image":"","background-repeat":"repeat","background-position":"center center","background-size":"auto","background-attachment":"scroll","background-type":"","background-media":"","overlay-type":"","overlay-color":"","overlay-opacity":"","overlay-gradient":""}},"footnotes":""},"class_list":["post-2207","page","type-page","status-publish","hentry"],"yoast_head":"<!-- This site is optimized with the Yoast SEO plugin v27.3 - https:\/\/yoast.com\/product\/yoast-seo-wordpress\/ -->\n<title>Setup Guide<\/title>\n<meta name=\"robots\" content=\"index, follow, max-snippet:-1, max-image-preview:large, max-video-preview:-1\" \/>\n<link rel=\"canonical\" href=\"https:\/\/iptvthemes.shop\/tr\/kurulum-kilavuzu\/\" \/>\n<meta property=\"og:locale\" content=\"tr_TR\" \/>\n<meta property=\"og:type\" content=\"article\" \/>\n<meta property=\"og:title\" content=\"Setup Guide\" \/>\n<meta property=\"og:description\" content=\"How to Install &amp; Edit Your IPTV Template This instructional video provides a comprehensive, step-by-step guide on how to seamlessly install and edit your IPTV template. Designed with beginners in mind, it&#8217;s structured for easy following and application. Should you encounter any uncertainties, feel free to pause and rewatch segments for clearer understanding. Rest assured, the process is user-friendly and has been successfully completed by many of our users without difficulties. Follow along and experience a hassle-free installation! https:\/\/iptvthemes.shop\/wp-content\/uploads\/2024\/09\/iptv-template-setup-guide.mp4\" \/>\n<meta property=\"og:url\" content=\"https:\/\/iptvthemes.shop\/tr\/kurulum-kilavuzu\/\" \/>\n<meta property=\"og:site_name\" content=\"IPTV Templates | IPTV WordPress Templates\" \/>\n<meta property=\"article:modified_time\" content=\"2026-02-21T21:39:04+00:00\" \/>\n<meta name=\"twitter:card\" content=\"summary_large_image\" \/>\n<meta name=\"twitter:label1\" content=\"Tahmini okuma s\u00fcresi\" \/>\n\t<meta name=\"twitter:data1\" content=\"1 dakika\" \/>\n<script type=\"application\/ld+json\" class=\"yoast-schema-graph\">{\"@context\":\"https:\\\/\\\/schema.org\",\"@graph\":[{\"@type\":\"WebPage\",\"@id\":\"https:\\\/\\\/iptvthemes.shop\\\/setup-guide\\\/\",\"url\":\"https:\\\/\\\/iptvthemes.shop\\\/setup-guide\\\/\",\"name\":\"Setup Guide\",\"isPartOf\":{\"@id\":\"https:\\\/\\\/iptvthemes.shop\\\/#website\"},\"datePublished\":\"2023-12-30T19:23:14+00:00\",\"dateModified\":\"2026-02-21T21:39:04+00:00\",\"breadcrumb\":{\"@id\":\"https:\\\/\\\/iptvthemes.shop\\\/setup-guide\\\/#breadcrumb\"},\"inLanguage\":\"tr\",\"potentialAction\":[{\"@type\":\"ReadAction\",\"target\":[\"https:\\\/\\\/iptvthemes.shop\\\/setup-guide\\\/\"]}]},{\"@type\":\"BreadcrumbList\",\"@id\":\"https:\\\/\\\/iptvthemes.shop\\\/setup-guide\\\/#breadcrumb\",\"itemListElement\":[{\"@type\":\"ListItem\",\"position\":1,\"name\":\"Home\",\"item\":\"https:\\\/\\\/iptvthemes.shop\\\/\"},{\"@type\":\"ListItem\",\"position\":2,\"name\":\"Setup Guide\"}]},{\"@type\":\"WebSite\",\"@id\":\"https:\\\/\\\/iptvthemes.shop\\\/#website\",\"url\":\"https:\\\/\\\/iptvthemes.shop\\\/\",\"name\":\"IPTV Templates | IPTV WordPress Templates\",\"description\":\"\",\"publisher\":{\"@id\":\"https:\\\/\\\/iptvthemes.shop\\\/#organization\"},\"potentialAction\":[{\"@type\":\"SearchAction\",\"target\":{\"@type\":\"EntryPoint\",\"urlTemplate\":\"https:\\\/\\\/iptvthemes.shop\\\/?s={search_term_string}\"},\"query-input\":{\"@type\":\"PropertyValueSpecification\",\"valueRequired\":true,\"valueName\":\"search_term_string\"}}],\"inLanguage\":\"tr\"},{\"@type\":\"Organization\",\"@id\":\"https:\\\/\\\/iptvthemes.shop\\\/#organization\",\"name\":\"IPTV Templates\",\"url\":\"https:\\\/\\\/iptvthemes.shop\\\/\",\"logo\":{\"@type\":\"ImageObject\",\"inLanguage\":\"tr\",\"@id\":\"https:\\\/\\\/iptvthemes.shop\\\/#\\\/schema\\\/logo\\\/image\\\/\",\"url\":\"https:\\\/\\\/iptvthemes.shop\\\/wp-content\\\/uploads\\\/2023\\\/12\\\/LOGO.png\",\"contentUrl\":\"https:\\\/\\\/iptvthemes.shop\\\/wp-content\\\/uploads\\\/2023\\\/12\\\/LOGO.png\",\"width\":560,\"height\":160,\"caption\":\"IPTV Templates\"},\"image\":{\"@id\":\"https:\\\/\\\/iptvthemes.shop\\\/#\\\/schema\\\/logo\\\/image\\\/\"}}]}<\/script>\n<!-- \/ Yoast SEO plugin. -->","yoast_head_json":{"title":"Kurulum K\u0131lavuzu","robots":{"index":"index","follow":"follow","max-snippet":"max-snippet:-1","max-image-preview":"max-image-preview:large","max-video-preview":"max-video-preview:-1"},"canonical":"https:\/\/iptvthemes.shop\/tr\/kurulum-kilavuzu\/","og_locale":"tr_TR","og_type":"article","og_title":"Setup Guide","og_description":"How to Install &amp; Edit Your IPTV Template This instructional video provides a comprehensive, step-by-step guide on how to seamlessly install and edit your IPTV template. Designed with beginners in mind, it&#8217;s structured for easy following and application. Should you encounter any uncertainties, feel free to pause and rewatch segments for clearer understanding. Rest assured, the process is user-friendly and has been successfully completed by many of our users without difficulties. Follow along and experience a hassle-free installation! https:\/\/iptvthemes.shop\/wp-content\/uploads\/2024\/09\/iptv-template-setup-guide.mp4","og_url":"https:\/\/iptvthemes.shop\/tr\/kurulum-kilavuzu\/","og_site_name":"IPTV Templates | IPTV WordPress Templates","article_modified_time":"2026-02-21T21:39:04+00:00","twitter_card":"summary_large_image","twitter_misc":{"Tahmini okuma s\u00fcresi":"1 dakika"},"schema":{"@context":"https:\/\/schema.org","@graph":[{"@type":"WebPage","@id":"https:\/\/iptvthemes.shop\/setup-guide\/","url":"https:\/\/iptvthemes.shop\/setup-guide\/","name":"Kurulum K\u0131lavuzu","isPartOf":{"@id":"https:\/\/iptvthemes.shop\/#website"},"datePublished":"2023-12-30T19:23:14+00:00","dateModified":"2026-02-21T21:39:04+00:00","breadcrumb":{"@id":"https:\/\/iptvthemes.shop\/setup-guide\/#breadcrumb"},"inLanguage":"tr","potentialAction":[{"@type":"ReadAction","target":["https:\/\/iptvthemes.shop\/setup-guide\/"]}]},{"@type":"BreadcrumbList","@id":"https:\/\/iptvthemes.shop\/setup-guide\/#breadcrumb","itemListElement":[{"@type":"ListItem","position":1,"name":"Home","item":"https:\/\/iptvthemes.shop\/"},{"@type":"ListItem","position":2,"name":"Setup Guide"}]},{"@type":"WebSite","@id":"https:\/\/iptvthemes.shop\/#website","url":"https:\/\/iptvthemes.shop\/","name":"IPTV \u015eablonlar\u0131 | IPTV WordPress \u015eablonlar\u0131","description":"","publisher":{"@id":"https:\/\/iptvthemes.shop\/#organization"},"potentialAction":[{"@type":"SearchAction","target":{"@type":"EntryPoint","urlTemplate":"https:\/\/iptvthemes.shop\/?s={search_term_string}"},"query-input":{"@type":"PropertyValueSpecification","valueRequired":true,"valueName":"search_term_string"}}],"inLanguage":"tr"},{"@type":"Organization","@id":"https:\/\/iptvthemes.shop\/#organization","name":"IPTV \u015eablonlar\u0131","url":"https:\/\/iptvthemes.shop\/","logo":{"@type":"ImageObject","inLanguage":"tr","@id":"https:\/\/iptvthemes.shop\/#\/schema\/logo\/image\/","url":"https:\/\/iptvthemes.shop\/wp-content\/uploads\/2023\/12\/LOGO.png","contentUrl":"https:\/\/iptvthemes.shop\/wp-content\/uploads\/2023\/12\/LOGO.png","width":560,"height":160,"caption":"IPTV Templates"},"image":{"@id":"https:\/\/iptvthemes.shop\/#\/schema\/logo\/image\/"}}]}},"_links":{"self":[{"href":"https:\/\/iptvthemes.shop\/tr\/wp-json\/wp\/v2\/pages\/2207","targetHints":{"allow":["GET"]}}],"collection":[{"href":"https:\/\/iptvthemes.shop\/tr\/wp-json\/wp\/v2\/pages"}],"about":[{"href":"https:\/\/iptvthemes.shop\/tr\/wp-json\/wp\/v2\/types\/page"}],"author":[{"embeddable":true,"href":"https:\/\/iptvthemes.shop\/tr\/wp-json\/wp\/v2\/users\/4"}],"replies":[{"embeddable":true,"href":"https:\/\/iptvthemes.shop\/tr\/wp-json\/wp\/v2\/comments?post=2207"}],"version-history":[{"count":13,"href":"https:\/\/iptvthemes.shop\/tr\/wp-json\/wp\/v2\/pages\/2207\/revisions"}],"predecessor-version":[{"id":6313,"href":"https:\/\/iptvthemes.shop\/tr\/wp-json\/wp\/v2\/pages\/2207\/revisions\/6313"}],"wp:attachment":[{"href":"https:\/\/iptvthemes.shop\/tr\/wp-json\/wp\/v2\/media?parent=2207"}],"curies":[{"name":"wp","href":"https:\/\/api.w.org\/{rel}","templated":true}]}}